{"id":10,"date":"2014-08-05T07:06:47","date_gmt":"2014-08-05T07:06:47","guid":{"rendered":"http:\/\/insel-kreta.net\/wordpress\/?page_id=10"},"modified":"2014-08-12T06:32:27","modified_gmt":"2014-08-12T06:32:27","slug":"chania","status":"publish","type":"page","link":"http:\/\/insel-kreta.net\/wordpress\/sample-page\/chania\/","title":{"rendered":"Chania"},"content":{"rendered":"<p><strong>Chania<\/strong> ist mit 60.000 Einwohnern nach Iraklion die zweitgr\u00f6\u00dfte Stadt Kretas. Sie ist die Hauptstadt der gleichnahmigen Pr\u00e4fektur.In der Zeit der Unabh\u00e4nigkeit und den ersten Jahren nach der Vereinigung mit Griechenland war Chania die Verwaltungshauptstadt der gesamten Insel. Chania wurde auf den Ruinen des antiken Kydonia erbaut. Nach dem Mythos wurde die Stadt von Kydon gegr\u00fcndet, der ein Enkel des Minos oder ein Sohn des Hermes war. In der nachminoischen Zeit wurde daraus eine bedeutende Handelsstadt, die mit Knossos und Gorthy konkurierte. In Jahre 69 n. Chr. wurde die Stadt von den R\u00f6mern besetzt, die sie im Jahre 325 n. Chr. an das Byzantinische Reich abtraten. In dieser Zeit erlebet sie einen Niedergang. 823 eroberten Araber den Ort und nannten ihn Chania. Einen Aufschwung erhielt die Stadt unter der venezianischen Herrschaft, die im Jahre 1252 mit dem Bau begannen. Die erste Stadtmauer wurde im Jahre 1300 fertiggestellt. Im 16 Jahrhundert wurde die Mauer verst\u00e4rkt und erweitert. Der Hafen wurde auf der Seeseite mit m\u00e4chtigen Wellenbrechern und einer Mole gesch\u00fctzt. Trotzdem erlangte er nie die erhoffte Bedeutung, weil er sehr flach und gegen Nordwind ungesch\u00fctzt war. Chania besitzt einen Flughafen, der 14 Kilometer au\u00dferhalb der Stadt liegt und ist ein sehr guter Ausgangspunkt um den Westen Kretas zu erkunden. In den Sommermonaten verkehren t\u00e4glich Schiffe mit den H\u00e4fen von Pir\u00e4us und Sounda.<\/p>\n<p><a href=\"http:\/\/insel-kreta.net\/wordpress\/wp-content\/uploads\/2014\/08\/chania.jpg\"><img loading=\"lazy\" decoding=\"async\" class=\"alignnone size-medium wp-image-25\" src=\"http:\/\/insel-kreta.net\/wordpress\/wp-content\/uploads\/2014\/08\/chania-300x199.jpg\" alt=\"Chania\" width=\"300\" height=\"199\" srcset=\"http:\/\/insel-kreta.net\/wordpress\/wp-content\/uploads\/2014\/08\/chania-300x199.jpg 300w, http:\/\/insel-kreta.net\/wordpress\/wp-content\/uploads\/2014\/08\/chania.jpg 320w\" sizes=\"auto, (max-width: 300px) 100vw, 300px\" \/><\/a><\/p>\n<p><strong>Die Altstadt :<\/strong><\/p>\n<p>Der Rundgang durch die malerische Altstadt beginnt im Stadtteil Splantzia am Ende der Daliani-Stra\u00dfe, \u00f6stlich des st\u00e4dtischen Martes. Dieses Viertel ist sehr stark von t\u00fcrkischen Einfl\u00fcssen gepr\u00e4gt. Ajios Nikolaos beherrscht das Viertel ma\u00dfgeblich. In venezianischer Zeit geh\u00f6rte die Kirche zu einem Dominikanerkloster,von dem noch R?ume mit Zellen erhalten sind. Man geht weiter und kommt in den Stadtteil Kasteli,das Wohnviertel der venezianischen Aristokrati mit vielen Herrenh\u00e4usern. Am Ende der Hauptstra\u00dfe liegt der Eleftherios Venizelos-Platz, der einstige Mittelpunkt von Leben und Treiben in Chania. Hier traf sich die Aristokratie bei einem Spaziergang ,zu einem Kaffee,zu politischen Gespr\u00e4chen und gesellschaftlichen Ereignissen.Dort,wo heute ein Hotel steht, gab es am Ende des vergangenen Jahrhunderts ein Unterhaltungslokal, in dem sich die Offiziere der Gro\u00dfm\u00e4chte trafen.<\/p>\n<p><a href=\"http:\/\/insel-kreta.net\/wordpress\/wp-content\/uploads\/2014\/08\/chania01.jpg\"><img loading=\"lazy\" decoding=\"async\" class=\"alignnone size-medium wp-image-27\" src=\"http:\/\/insel-kreta.net\/wordpress\/wp-content\/uploads\/2014\/08\/chania01-300x199.jpg\" alt=\"Chania\" width=\"300\" height=\"199\" srcset=\"http:\/\/insel-kreta.net\/wordpress\/wp-content\/uploads\/2014\/08\/chania01-300x199.jpg 300w, http:\/\/insel-kreta.net\/wordpress\/wp-content\/uploads\/2014\/08\/chania01.jpg 320w\" sizes=\"auto, (max-width: 300px) 100vw, 300px\" \/><\/a><\/p>\n<p><strong>Venezianischer Hafen<\/strong><br \/>\nUnter den Europ\u00e4erinnen,die f\u00fcr die Unterhaltung der G\u00e4ste sorgten, war auch die bekannte Madame Hortense,die Nikos Kazantzakis in seinem Roman &#8220; Alexis Sorbas&#8220; so lebendig vergegenwertigt.Sp\u00e4ter war in dem Geb\u00e4ude die Pr\u00e4fektur. Man geht auf der Akti Kountourioti mit den traditionellen Gesch\u00e4ften weiter und kommt in den Stadtteil Topana. Er verdankt seinen Namen den Kanonen (Topia),die hier die T\u00fcrken aufgestellt hatten. Am Ende der Mole erhebt sich die historische Festung Frika. In dieser Festung, die von einem ganzen Geb\u00e4udekomplex gebildet wird, hatten die Venezianer die zum Tode verurteilten Kreter eingekerkert. 1913 wurde hier offiziell die griechische Fahne gehisst und die Vereinigung mit Griechenland besiegelt.<\/p>\n<p><a href=\"http:\/\/insel-kreta.net\/wordpress\/wp-content\/uploads\/2014\/08\/chania02.jpg\"><img loading=\"lazy\" decoding=\"async\" class=\"alignnone size-medium wp-image-28\" src=\"http:\/\/insel-kreta.net\/wordpress\/wp-content\/uploads\/2014\/08\/chania02-300x199.jpg\" alt=\"Hafen von Chania\" width=\"300\" height=\"199\" srcset=\"http:\/\/insel-kreta.net\/wordpress\/wp-content\/uploads\/2014\/08\/chania02-300x199.jpg 300w, http:\/\/insel-kreta.net\/wordpress\/wp-content\/uploads\/2014\/08\/chania02.jpg 320w\" sizes=\"auto, (max-width: 300px) 100vw, 300px\" \/><\/a><\/p>\n<p><strong>Minarett Chania<\/strong><br \/>\nIndem ersten Geb\u00e4ude der Festung, dem wieder aufgebauten Turm, ist heute das Marinemuseum untergebracht. Seine Sammlung umfasst Navigationsinstrumente,historische Dokumente, Schiffsmodelle und Gem\u00e4lde zur Geschichte der Seefahrt von 1821 bis heute. In der Chalidon-Stra?e befindet sich im Stadtteil Ovriaki die Metropolitankirche von Chania, die Trimartiri-Kirche. In der gleichen Stra\u00dfe liegt die Ajios Frangiskos-Kirche,die gr\u00f6\u00dfte venezianische Kirche der Insel. In dieser Kirche,die ein eindrucksvolles Beispiel goticher Architektur ist, befindet sich heute das Arch\u00e4ologische Museum der Stadt. Die Sammlungen des Museums besitzen interessante Funde aus der Umgebung von Chania und ganz Westkreta. Ausgestellt sind Keramik,Idole,Statuen,M\u00fcnzen,Inschriften und alte Waffen. Neuere Ausgrabungen bereicherten das Museum mit Funden aus Kydonia. Keramik aus der Steinzeit und der minoischen Zeit, zypriotische Keramik der sp\u00e4tmykenischen Zeit, die eingef\u00fchrt worden war, sowie Schriftt\u00e4felchen mit der Linear-B Schrift. Beachtenswert sind die Funde der r\u00f6mischen Zeit, Mosaiken, Statuen u.s.w. Direkt vor der Altstadt liegt der venezianische Hafen, an dessen Rand sich der Leuchtturm erhebt. Der Leuchtturm wurde 1570 von den Venezianern erbaut, im laufe der Zeit aber mehrfach zerst\u00f6rt und schlie\u00dflich 1830 unter Mohamed Ali in seiner heutigen Form wieder aufgebaut. Am alten Hafen liegen auch die mit gew\u00f6lbten D\u00e4chern versehenen Hallen der venezianischen Werft, in denen Schiffe repariert und Waren gelagert wurden. Nach Osten schlie\u00dft die eindrucksvolle venezianische Festung den Hafen ab. Die maleischen Cafes an der Mole laden zum Verweilen ein .<\/p>\n<p><a href=\"http:\/\/insel-kreta.net\/wordpress\/wp-content\/uploads\/2014\/08\/chania03.jpg\"><img loading=\"lazy\" decoding=\"async\" class=\"alignnone size-medium wp-image-29\" src=\"http:\/\/insel-kreta.net\/wordpress\/wp-content\/uploads\/2014\/08\/chania03-199x300.jpg\" alt=\"Chania\" width=\"199\" height=\"300\" srcset=\"http:\/\/insel-kreta.net\/wordpress\/wp-content\/uploads\/2014\/08\/chania03-199x300.jpg 199w, http:\/\/insel-kreta.net\/wordpress\/wp-content\/uploads\/2014\/08\/chania03.jpg 213w\" sizes=\"auto, (max-width: 199px) 100vw, 199px\" \/><\/a><\/p>\n<p><strong>Die moderne Stadt :<\/strong><\/p>\n<p>Die moderne besteht aus mehreren Ortsteilen, sie umgeben die alte Stadt. Die Sra\u00dfen sind breit und gro\u00dfz\u00fcgig angelegt.B\u00e4ume und Blumen schm\u00fccken Stra\u00dfen und H\u00e4user,die Vororte gleichen Gartenst\u00e4dten.Ganz zu recht nennt man Chania &#8222;Die Stadt der Blumen&#8220;.Eine Verbindungsstelle zwischen Altstadt und neuer Stadt ist der St\u00e4dtische Markt.Er wurde 1911 nach dem Vorbild der Markthallen von Marseilles erbaut.Er hat einen kreuzf\u00f6rmigen Grundri\u00df, ist mit Glas \u00fcberdacht,um Licht einzulassen und besitzt vier Eing?nge. Man findet hier jede Art von Gesch\u00e4ften. Ein Rundgang durch den Markt mit seiner Vielfalt an Formen, Ger\u00fcchen und Farben der Waren vermittelt ein Bild vom Reichtum und der Vielfalt der Erzeugnisse, die Kreta hervorbringt. Vor dem St\u00e4dtischen Markt liegt in einiger Entfernung rechts die Platia 1866, die mit den B\u00fcsten von Kapit\u00e4nen geschm\u00fcckt ist,die f\u00fcr die Freiheit Kretas k\u00e4mpften. In der Umgebung entstand der Stadtteil Nea Katastimata mit neuen Gesch\u00e4ften. In der N\u00e4he dieses Platzes liegt in der Odos Kidonias das Rathaus, das durch seine Gr\u00f6\u00dfe und seine Architektur beeindruckt. Der Bau ist ein modernes zweist\u00f6ckiges Geb\u00e4ude, das einen ganzen H\u00e4userblock umfasst und die St\u00e4dtische Bibliothek beherbergt.<\/p>\n","protected":false},"excerpt":{"rendered":"<p>Chania ist mit 60.000 Einwohnern nach Iraklion die zweitgr\u00f6\u00dfte Stadt Kretas. Sie ist die Hauptstadt der gleichnahmigen Pr\u00e4fektur.In der Zeit der Unabh\u00e4nigkeit und den ersten Jahren nach der Vereinigung mit Griechenland war Chania die Verwaltungshauptstadt der gesamten Insel. Chania wurde auf den Ruinen des antiken Kydonia erbaut. Nach dem Mythos wurde die Stadt von Kydon [&hellip;]<\/p>\n","protected":false},"author":1,"featured_media":0,"parent":2,"menu_order":0,"comment_status":"open","ping_status":"open","template":"","meta":{"footnotes":""},"class_list":["post-10","page","type-page","status-publish","hentry"],"_links":{"self":[{"href":"http:\/\/insel-kreta.net\/wordpress\/wp-json\/wp\/v2\/pages\/10","targetHints":{"allow":["GET"]}}],"collection":[{"href":"http:\/\/insel-kreta.net\/wordpress\/wp-json\/wp\/v2\/pages"}],"about":[{"href":"http:\/\/insel-kreta.net\/wordpress\/wp-json\/wp\/v2\/types\/page"}],"author":[{"embeddable":true,"href":"http:\/\/insel-kreta.net\/wordpress\/wp-json\/wp\/v2\/users\/1"}],"replies":[{"embeddable":true,"href":"http:\/\/insel-kreta.net\/wordpress\/wp-json\/wp\/v2\/comments?post=10"}],"version-history":[{"count":3,"href":"http:\/\/insel-kreta.net\/wordpress\/wp-json\/wp\/v2\/pages\/10\/revisions"}],"predecessor-version":[{"id":30,"href":"http:\/\/insel-kreta.net\/wordpress\/wp-json\/wp\/v2\/pages\/10\/revisions\/30"}],"up":[{"embeddable":true,"href":"http:\/\/insel-kreta.net\/wordpress\/wp-json\/wp\/v2\/pages\/2"}],"wp:attachment":[{"href":"http:\/\/insel-kreta.net\/wordpress\/wp-json\/wp\/v2\/media?parent=10"}],"curies":[{"name":"wp","href":"https:\/\/api.w.org\/{rel}","templated":true}]}}