{"id":106,"date":"2014-08-05T08:07:53","date_gmt":"2014-08-05T08:07:53","guid":{"rendered":"http:\/\/insel-kreta.net\/wordpress\/?page_id=106"},"modified":"2014-08-12T06:37:39","modified_gmt":"2014-08-12T06:37:39","slug":"spinalonga","status":"publish","type":"page","link":"http:\/\/insel-kreta.net\/wordpress\/venezianer\/spinalonga\/","title":{"rendered":"Spinalonga"},"content":{"rendered":"<p><strong>Spinalonga<\/strong><\/p>\n<p>Die kleine Insel Spinalonga liegt in der Bucht von Mirabello. Von Agios Nikolaos und auch von dem kleinen Fischerst\u00e4dtchen Elounda fahren t\u00e4glich Schiff nach Spinalonga. Schon seit Urzeiten befindet sich auf der kargen Insel eine Festung, welche den Hafen von Olous vor Pl\u00fcnderen und Piraten sch\u00fctzte.<\/p>\n<p><a href=\"http:\/\/insel-kreta.net\/wordpress\/wp-content\/uploads\/2014\/08\/Spinalonga1.jpg\"><img loading=\"lazy\" decoding=\"async\" class=\"alignnone size-medium wp-image-107\" src=\"http:\/\/insel-kreta.net\/wordpress\/wp-content\/uploads\/2014\/08\/Spinalonga1-300x199.jpg\" alt=\"Spinalonga\" width=\"300\" height=\"199\" srcset=\"http:\/\/insel-kreta.net\/wordpress\/wp-content\/uploads\/2014\/08\/Spinalonga1-300x199.jpg 300w, http:\/\/insel-kreta.net\/wordpress\/wp-content\/uploads\/2014\/08\/Spinalonga1.jpg 320w\" sizes=\"auto, (max-width: 300px) 100vw, 300px\" \/><\/a> <a href=\"http:\/\/insel-kreta.net\/wordpress\/wp-content\/uploads\/2014\/08\/Spinalonga3.jpg\"><img loading=\"lazy\" decoding=\"async\" class=\"alignnone size-medium wp-image-108\" src=\"http:\/\/insel-kreta.net\/wordpress\/wp-content\/uploads\/2014\/08\/Spinalonga3-300x199.jpg\" alt=\"Spinalonga3\" width=\"300\" height=\"199\" srcset=\"http:\/\/insel-kreta.net\/wordpress\/wp-content\/uploads\/2014\/08\/Spinalonga3-300x199.jpg 300w, http:\/\/insel-kreta.net\/wordpress\/wp-content\/uploads\/2014\/08\/Spinalonga3.jpg 320w\" sizes=\"auto, (max-width: 300px) 100vw, 300px\" \/><\/a> <a href=\"http:\/\/insel-kreta.net\/wordpress\/wp-content\/uploads\/2014\/08\/Spinalonga4.jpg\"><img loading=\"lazy\" decoding=\"async\" class=\"alignnone size-medium wp-image-109\" src=\"http:\/\/insel-kreta.net\/wordpress\/wp-content\/uploads\/2014\/08\/Spinalonga4-300x199.jpg\" alt=\"Spinalonga4\" width=\"300\" height=\"199\" srcset=\"http:\/\/insel-kreta.net\/wordpress\/wp-content\/uploads\/2014\/08\/Spinalonga4-300x199.jpg 300w, http:\/\/insel-kreta.net\/wordpress\/wp-content\/uploads\/2014\/08\/Spinalonga4.jpg 320w\" sizes=\"auto, (max-width: 300px) 100vw, 300px\" \/><\/a> <a href=\"http:\/\/insel-kreta.net\/wordpress\/wp-content\/uploads\/2014\/08\/Spinalonga5.jpg\"><img loading=\"lazy\" decoding=\"async\" class=\"alignnone size-medium wp-image-110\" src=\"http:\/\/insel-kreta.net\/wordpress\/wp-content\/uploads\/2014\/08\/Spinalonga5-300x199.jpg\" alt=\"Spinalonga5\" width=\"300\" height=\"199\" srcset=\"http:\/\/insel-kreta.net\/wordpress\/wp-content\/uploads\/2014\/08\/Spinalonga5-300x199.jpg 300w, http:\/\/insel-kreta.net\/wordpress\/wp-content\/uploads\/2014\/08\/Spinalonga5.jpg 320w\" sizes=\"auto, (max-width: 300px) 100vw, 300px\" \/><\/a><\/p>\n<p>Im 16. Jahrhundert bauten die Venezianer wegen der T\u00fcrkischen Bedrohung Kretas starke Festungsanlagen. Aus diesem Grund wurde 1579, auf dem 200m x 400m Island eine unbezwingliche Festung zum Schutz der Bucht errichtet. Diese Festung mit ihren grossen Kanonen wurde im venezianisch &#8211; t\u00fcrkischen Krieg niemals erobert, sondern hielt 24 Jahre stand. Als die T\u00fcrken 1699 Kreta ganz unterwarfen, blieben die Festungsinseln Spinalonga, Suda und Gramvousa in venezianischer Hand.<\/p>\n<p>Im Jahre 1903 entschied die kretische Regierung Spinalonga zum Aufenthaltsort f\u00fcr Lebrakranke zu machen. Dank des gro\u00dfen medizinischen Fortschritts wurde die Kolonie 1957 aufgel\u00f6st.<\/p>\n<p><a href=\"http:\/\/insel-kreta.net\/wordpress\/wp-content\/uploads\/2014\/08\/Spinalonga6.jpg\"><img loading=\"lazy\" decoding=\"async\" class=\"alignnone size-medium wp-image-111\" src=\"http:\/\/insel-kreta.net\/wordpress\/wp-content\/uploads\/2014\/08\/Spinalonga6-300x199.jpg\" alt=\"Spinalonga\" width=\"300\" height=\"199\" srcset=\"http:\/\/insel-kreta.net\/wordpress\/wp-content\/uploads\/2014\/08\/Spinalonga6-300x199.jpg 300w, http:\/\/insel-kreta.net\/wordpress\/wp-content\/uploads\/2014\/08\/Spinalonga6.jpg 320w\" sizes=\"auto, (max-width: 300px) 100vw, 300px\" \/><\/a> <a href=\"http:\/\/insel-kreta.net\/wordpress\/wp-content\/uploads\/2014\/08\/Spinalonga9.jpg\"><img loading=\"lazy\" decoding=\"async\" class=\"alignnone size-medium wp-image-112\" src=\"http:\/\/insel-kreta.net\/wordpress\/wp-content\/uploads\/2014\/08\/Spinalonga9-300x199.jpg\" alt=\"Spinalonga9\" width=\"300\" height=\"199\" srcset=\"http:\/\/insel-kreta.net\/wordpress\/wp-content\/uploads\/2014\/08\/Spinalonga9-300x199.jpg 300w, http:\/\/insel-kreta.net\/wordpress\/wp-content\/uploads\/2014\/08\/Spinalonga9.jpg 320w\" sizes=\"auto, (max-width: 300px) 100vw, 300px\" \/><\/a><\/p>\n<p>Man betritt die Insel zwischen zwei m\u00e4chtigen Bastionen unterhalb der Mocenigo &#8211; Bastion. Auf dieser standen einst die meisten Kanonen. Die Hauptverteidigungslinie lag im Osten und wurde von zwei starken Bastionen gesch\u00fctzt. Auf einer Anh\u00f6he dar\u00fcber gab es eine zweite Verteidigungslinie. Das Vorwerk San Michele sch\u00fctzte die Nordspitze. Die dem Meer und damit den Angriffen abgewandte westliche Seite der kargen Insel war mit den \u00fcbrigen Geb\u00e4uden bebaut.<\/p>\n<p><a href=\"http:\/\/insel-kreta.net\/wordpress\/wp-content\/uploads\/2014\/08\/Spinalonga2.jpg\"><img loading=\"lazy\" decoding=\"async\" class=\"alignnone size-medium wp-image-113\" src=\"http:\/\/insel-kreta.net\/wordpress\/wp-content\/uploads\/2014\/08\/Spinalonga2-199x300.jpg\" alt=\"Spinalonga\" width=\"199\" height=\"300\" srcset=\"http:\/\/insel-kreta.net\/wordpress\/wp-content\/uploads\/2014\/08\/Spinalonga2-199x300.jpg 199w, http:\/\/insel-kreta.net\/wordpress\/wp-content\/uploads\/2014\/08\/Spinalonga2.jpg 213w\" sizes=\"auto, (max-width: 199px) 100vw, 199px\" \/><\/a> <a href=\"http:\/\/insel-kreta.net\/wordpress\/wp-content\/uploads\/2014\/08\/Spinalonga7.jpg\"><img loading=\"lazy\" decoding=\"async\" class=\"alignnone size-medium wp-image-114\" src=\"http:\/\/insel-kreta.net\/wordpress\/wp-content\/uploads\/2014\/08\/Spinalonga7-199x300.jpg\" alt=\"Spinalonga7\" width=\"199\" height=\"300\" srcset=\"http:\/\/insel-kreta.net\/wordpress\/wp-content\/uploads\/2014\/08\/Spinalonga7-199x300.jpg 199w, http:\/\/insel-kreta.net\/wordpress\/wp-content\/uploads\/2014\/08\/Spinalonga7.jpg 213w\" sizes=\"auto, (max-width: 199px) 100vw, 199px\" \/><\/a> <a href=\"http:\/\/insel-kreta.net\/wordpress\/wp-content\/uploads\/2014\/08\/Spinalonga8.jpg\"><img loading=\"lazy\" decoding=\"async\" class=\"alignnone size-medium wp-image-115\" src=\"http:\/\/insel-kreta.net\/wordpress\/wp-content\/uploads\/2014\/08\/Spinalonga8-199x300.jpg\" alt=\"Spinalonga8\" width=\"199\" height=\"300\" srcset=\"http:\/\/insel-kreta.net\/wordpress\/wp-content\/uploads\/2014\/08\/Spinalonga8-199x300.jpg 199w, http:\/\/insel-kreta.net\/wordpress\/wp-content\/uploads\/2014\/08\/Spinalonga8.jpg 213w\" sizes=\"auto, (max-width: 199px) 100vw, 199px\" \/><\/a><\/p>\n","protected":false},"excerpt":{"rendered":"<p>Spinalonga Die kleine Insel Spinalonga liegt in der Bucht von Mirabello. Von Agios Nikolaos und auch von dem kleinen Fischerst\u00e4dtchen Elounda fahren t\u00e4glich Schiff nach Spinalonga. Schon seit Urzeiten befindet sich auf der kargen Insel eine Festung, welche den Hafen von Olous vor Pl\u00fcnderen und Piraten sch\u00fctzte. Im 16. Jahrhundert bauten die Venezianer wegen der [&hellip;]<\/p>\n","protected":false},"author":1,"featured_media":0,"parent":94,"menu_order":0,"comment_status":"open","ping_status":"open","template":"","meta":{"footnotes":""},"class_list":["post-106","page","type-page","status-publish","hentry"],"_links":{"self":[{"href":"http:\/\/insel-kreta.net\/wordpress\/wp-json\/wp\/v2\/pages\/106","targetHints":{"allow":["GET"]}}],"collection":[{"href":"http:\/\/insel-kreta.net\/wordpress\/wp-json\/wp\/v2\/pages"}],"about":[{"href":"http:\/\/insel-kreta.net\/wordpress\/wp-json\/wp\/v2\/types\/page"}],"author":[{"embeddable":true,"href":"http:\/\/insel-kreta.net\/wordpress\/wp-json\/wp\/v2\/users\/1"}],"replies":[{"embeddable":true,"href":"http:\/\/insel-kreta.net\/wordpress\/wp-json\/wp\/v2\/comments?post=106"}],"version-history":[{"count":1,"href":"http:\/\/insel-kreta.net\/wordpress\/wp-json\/wp\/v2\/pages\/106\/revisions"}],"predecessor-version":[{"id":116,"href":"http:\/\/insel-kreta.net\/wordpress\/wp-json\/wp\/v2\/pages\/106\/revisions\/116"}],"up":[{"embeddable":true,"href":"http:\/\/insel-kreta.net\/wordpress\/wp-json\/wp\/v2\/pages\/94"}],"wp:attachment":[{"href":"http:\/\/insel-kreta.net\/wordpress\/wp-json\/wp\/v2\/media?parent=106"}],"curies":[{"name":"wp","href":"https:\/\/api.w.org\/{rel}","templated":true}]}}