{"id":117,"date":"2014-08-05T08:13:24","date_gmt":"2014-08-05T08:13:24","guid":{"rendered":"http:\/\/insel-kreta.net\/wordpress\/?page_id=117"},"modified":"2014-08-12T06:37:16","modified_gmt":"2014-08-12T06:37:16","slug":"frangokastello","status":"publish","type":"page","link":"http:\/\/insel-kreta.net\/wordpress\/venezianer\/frangokastello\/","title":{"rendered":"Frangokastello"},"content":{"rendered":"<p><strong>Das Frangokastello<\/strong><\/p>\n<p>Das Kastell der Franken erhebt sich in einer gro\u00dfen kahlen Ebene. Es hat einen rechteckigen Grundriss. An jeder der Ecken erhebt sich ein Turm. \u00dcber dem Eingangstor sieht man neben den Wappen der Dolfini und Quirini den L\u00f6wen von San Marco, das Wappen der Venezianer.<\/p>\n<p><a href=\"http:\/\/insel-kreta.net\/wordpress\/wp-content\/uploads\/2014\/08\/Frangokastelo1.jpg\"><img loading=\"lazy\" decoding=\"async\" class=\"alignnone size-medium wp-image-118\" src=\"http:\/\/insel-kreta.net\/wordpress\/wp-content\/uploads\/2014\/08\/Frangokastelo1-300x168.jpg\" alt=\"Frangokastello\" width=\"300\" height=\"168\" srcset=\"http:\/\/insel-kreta.net\/wordpress\/wp-content\/uploads\/2014\/08\/Frangokastelo1-300x168.jpg 300w, http:\/\/insel-kreta.net\/wordpress\/wp-content\/uploads\/2014\/08\/Frangokastelo1.jpg 320w\" sizes=\"auto, (max-width: 300px) 100vw, 300px\" \/><\/a> <a href=\"http:\/\/insel-kreta.net\/wordpress\/wp-content\/uploads\/2014\/08\/Frangokastelo2.jpg\"><img loading=\"lazy\" decoding=\"async\" class=\"alignnone size-medium wp-image-119\" src=\"http:\/\/insel-kreta.net\/wordpress\/wp-content\/uploads\/2014\/08\/Frangokastelo2-300x168.jpg\" alt=\"Frangokastelo2\" width=\"300\" height=\"168\" srcset=\"http:\/\/insel-kreta.net\/wordpress\/wp-content\/uploads\/2014\/08\/Frangokastelo2-300x168.jpg 300w, http:\/\/insel-kreta.net\/wordpress\/wp-content\/uploads\/2014\/08\/Frangokastelo2.jpg 320w\" sizes=\"auto, (max-width: 300px) 100vw, 300px\" \/><\/a><\/p>\n","protected":false},"excerpt":{"rendered":"<p>Das Frangokastello Das Kastell der Franken erhebt sich in einer gro\u00dfen kahlen Ebene. Es hat einen rechteckigen Grundriss. An jeder der Ecken erhebt sich ein Turm. \u00dcber dem Eingangstor sieht man neben den Wappen der Dolfini und Quirini den L\u00f6wen von San Marco, das Wappen der Venezianer.<\/p>\n","protected":false},"author":1,"featured_media":0,"parent":94,"menu_order":0,"comment_status":"open","ping_status":"open","template":"","meta":{"footnotes":""},"class_list":["post-117","page","type-page","status-publish","hentry"],"_links":{"self":[{"href":"http:\/\/insel-kreta.net\/wordpress\/wp-json\/wp\/v2\/pages\/117","targetHints":{"allow":["GET"]}}],"collection":[{"href":"http:\/\/insel-kreta.net\/wordpress\/wp-json\/wp\/v2\/pages"}],"about":[{"href":"http:\/\/insel-kreta.net\/wordpress\/wp-json\/wp\/v2\/types\/page"}],"author":[{"embeddable":true,"href":"http:\/\/insel-kreta.net\/wordpress\/wp-json\/wp\/v2\/users\/1"}],"replies":[{"embeddable":true,"href":"http:\/\/insel-kreta.net\/wordpress\/wp-json\/wp\/v2\/comments?post=117"}],"version-history":[{"count":1,"href":"http:\/\/insel-kreta.net\/wordpress\/wp-json\/wp\/v2\/pages\/117\/revisions"}],"predecessor-version":[{"id":120,"href":"http:\/\/insel-kreta.net\/wordpress\/wp-json\/wp\/v2\/pages\/117\/revisions\/120"}],"up":[{"embeddable":true,"href":"http:\/\/insel-kreta.net\/wordpress\/wp-json\/wp\/v2\/pages\/94"}],"wp:attachment":[{"href":"http:\/\/insel-kreta.net\/wordpress\/wp-json\/wp\/v2\/media?parent=117"}],"curies":[{"name":"wp","href":"https:\/\/api.w.org\/{rel}","templated":true}]}}