{"id":128,"date":"2014-08-05T08:16:35","date_gmt":"2014-08-05T08:16:35","guid":{"rendered":"http:\/\/insel-kreta.net\/wordpress\/?page_id=128"},"modified":"2014-08-05T08:16:35","modified_gmt":"2014-08-05T08:16:35","slug":"route-2","status":"publish","type":"page","link":"http:\/\/insel-kreta.net\/wordpress\/routenvorschlaege\/route-2\/","title":{"rendered":"Route 2"},"content":{"rendered":"<p><strong>Epeskopi-Arjiroupoli-Miriokefala<\/strong><\/p>\n<p>Von der Stadt Rethymno f\u00e4hrt man auf die alte Nationalstrasse in Richtung Chania. Nach 5km kommt man in das Dorf Atsipopoulo, das einst das Lehen der byzantinischen Familie Chortatzi war. Aus venezianischer Zeit ist noch manches Haus erhalten. Bei Kilometer 7 liegt das malerische Dorf Prines, das in venezianischer Zeit sehr bedeutend war. Die Kirche Ajios Nikolaos stammt aus dem 13.Jh. Bei Kilometer 10 erreicht man Gonia. Das Dorf wurde im 14.Jh. von Bewohnern der Gegend erbaut. Auf der Weiterfahrt kommt man bei Kilometer 16 an eine Abzweigung (links) nach Ajios Konstantinos und Roustika. Nach Ajios Konstantinos sind es 3km. Der Ort mit sch\u00f6nen Villen und Herrenh\u00e4usern wurde im 13.Jh. gegr\u00fcndet. Nach 2km erreicht man Roustika. Hier liegt das Kloster Moni tou Profiti Llia, das von Johannes dem Eremiten gegr\u00fcndet wurde. Im Dorf gibt es noch weitere byzantinische Kirchen. Man f\u00e4hrt zur Hauptstrasse zur\u00fcck. Megali Epeskopi bei Kilometer 18 ist das letzte Dorf im Westen der Pr\u00e4fektur Rethymno. Zwischen den Fl\u00fcssen Petre und Mousela erstreckt sich der gro\u00dfe Sandstrand von Epeskopi,der 4,5km lang ist. Megali Epeskopi erreicht man auch \u00fcber die Nationalstrasse, da es von Rethymno nur 13km und von Chania 50km entfernt ist. Von Megali Epeskopi f\u00e4hrt eine Abzweigung links in s\u00fcdlicher Richtung nach 5km in den Ort Arjiopolis. Das Dorf liegt in 260m H\u00f6he in einer malerischen Landschaft. Hier befand sich auch die antike Stadt Lappas. \u00dcber die Herkunft des Namens gibt es verschiedene Auffassungen. Vieleicht stammt er von einer M\u00fcnzst\u00e4tte in dieser Gegend, die silberne und bronzene M\u00fcnzen pr\u00e4gte. In Ajiropolis teilt sich die Strasse. Die rechte Abzweigung f\u00fchrt nach 5km in westlicher Richtung in das malerische Dorf Asi Gonia im Bezirk Apokprono. Die linke Abzweigung ( von dem Dorf Ajiropolis) f\u00fchrt in das Bergdorf Miriokefala. Bekannt ist das Gebiet durch das Kloster Moni Miriokefalon, das in 500m H\u00f6he liegt.<\/p>\n<p><a href=\"http:\/\/insel-kreta.net\/wordpress\/wp-content\/uploads\/2014\/08\/unterwegs3.jpg\"><img loading=\"lazy\" decoding=\"async\" class=\"alignnone size-medium wp-image-129\" src=\"http:\/\/insel-kreta.net\/wordpress\/wp-content\/uploads\/2014\/08\/unterwegs3-300x199.jpg\" alt=\"unterwegs3\" width=\"300\" height=\"199\" srcset=\"http:\/\/insel-kreta.net\/wordpress\/wp-content\/uploads\/2014\/08\/unterwegs3-300x199.jpg 300w, http:\/\/insel-kreta.net\/wordpress\/wp-content\/uploads\/2014\/08\/unterwegs3.jpg 320w\" sizes=\"auto, (max-width: 300px) 100vw, 300px\" \/><\/a> <a href=\"http:\/\/insel-kreta.net\/wordpress\/wp-content\/uploads\/2014\/08\/unterwegs4.jpg\"><img loading=\"lazy\" decoding=\"async\" class=\"alignnone size-medium wp-image-130\" src=\"http:\/\/insel-kreta.net\/wordpress\/wp-content\/uploads\/2014\/08\/unterwegs4-300x199.jpg\" alt=\"unterwegs4\" width=\"300\" height=\"199\" srcset=\"http:\/\/insel-kreta.net\/wordpress\/wp-content\/uploads\/2014\/08\/unterwegs4-300x199.jpg 300w, http:\/\/insel-kreta.net\/wordpress\/wp-content\/uploads\/2014\/08\/unterwegs4.jpg 320w\" sizes=\"auto, (max-width: 300px) 100vw, 300px\" \/><\/a><\/p>\n","protected":false},"excerpt":{"rendered":"<p>Epeskopi-Arjiroupoli-Miriokefala Von der Stadt Rethymno f\u00e4hrt man auf die alte Nationalstrasse in Richtung Chania. Nach 5km kommt man in das Dorf Atsipopoulo, das einst das Lehen der byzantinischen Familie Chortatzi war. Aus venezianischer Zeit ist noch manches Haus erhalten. Bei Kilometer 7 liegt das malerische Dorf Prines, das in venezianischer Zeit sehr bedeutend war. Die [&hellip;]<\/p>\n","protected":false},"author":1,"featured_media":0,"parent":121,"menu_order":0,"comment_status":"open","ping_status":"open","template":"","meta":{"footnotes":""},"class_list":["post-128","page","type-page","status-publish","hentry"],"_links":{"self":[{"href":"http:\/\/insel-kreta.net\/wordpress\/wp-json\/wp\/v2\/pages\/128","targetHints":{"allow":["GET"]}}],"collection":[{"href":"http:\/\/insel-kreta.net\/wordpress\/wp-json\/wp\/v2\/pages"}],"about":[{"href":"http:\/\/insel-kreta.net\/wordpress\/wp-json\/wp\/v2\/types\/page"}],"author":[{"embeddable":true,"href":"http:\/\/insel-kreta.net\/wordpress\/wp-json\/wp\/v2\/users\/1"}],"replies":[{"embeddable":true,"href":"http:\/\/insel-kreta.net\/wordpress\/wp-json\/wp\/v2\/comments?post=128"}],"version-history":[{"count":1,"href":"http:\/\/insel-kreta.net\/wordpress\/wp-json\/wp\/v2\/pages\/128\/revisions"}],"predecessor-version":[{"id":131,"href":"http:\/\/insel-kreta.net\/wordpress\/wp-json\/wp\/v2\/pages\/128\/revisions\/131"}],"up":[{"embeddable":true,"href":"http:\/\/insel-kreta.net\/wordpress\/wp-json\/wp\/v2\/pages\/121"}],"wp:attachment":[{"href":"http:\/\/insel-kreta.net\/wordpress\/wp-json\/wp\/v2\/media?parent=128"}],"curies":[{"name":"wp","href":"https:\/\/api.w.org\/{rel}","templated":true}]}}