{"id":137,"date":"2014-08-05T08:22:41","date_gmt":"2014-08-05T08:22:41","guid":{"rendered":"http:\/\/insel-kreta.net\/wordpress\/?page_id=137"},"modified":"2014-08-12T06:38:32","modified_gmt":"2014-08-12T06:38:32","slug":"deliana","status":"publish","type":"page","link":"http:\/\/insel-kreta.net\/wordpress\/naturschoenheiten\/deliana\/","title":{"rendered":"Deliana"},"content":{"rendered":"<p><strong>Die Deliana Schlucht<\/strong><\/p>\n<p>Auf einer unserer Inselrundfahrten mit dem Mietwagen entdeckten wir zuf\u00e4llig die Deliana Schlucht. Sie liegt direkt hinter dem gleichnahmigen Ort.Wir fuhren auf der Hauptstra\u00dfe von Chania in Richtung Kisamos. Platanias und Gerani lie\u00dfen wir hinter uns und nahmen dann die Abzweigung nach Voukolis. Die Stra\u00dfe f\u00fchrt durch einige Malerische Bergd\u00f6rfer, die zum verweilen einladen. Ab Voukolis bogen wir rechts ab und folgten den Wegweisern in Richtung Deliana. Nach dem Ort Deliana f\u00e4hrt man noch etwa 1.5 bis 2 Kilometer bis zur Schlucht. Die Sch\u00f6nheit der Schlucht entsch\u00e4digt die Strapatzen der Fahrt. Die Schlucht ist im Fr\u00fchling sehr gr\u00fcn,es gibt zahlreiche Kr\u00e4uter und andere einheimische Pflanzen.<\/p>\n<p><a href=\"http:\/\/insel-kreta.net\/wordpress\/wp-content\/uploads\/2014\/08\/Bild01.jpg\"><img loading=\"lazy\" decoding=\"async\" class=\"alignnone size-full wp-image-138\" src=\"http:\/\/insel-kreta.net\/wordpress\/wp-content\/uploads\/2014\/08\/Bild01.jpg\" alt=\"Bild01\" width=\"300\" height=\"209\" \/><\/a> <a href=\"http:\/\/insel-kreta.net\/wordpress\/wp-content\/uploads\/2014\/08\/Bild02.jpg\"><img loading=\"lazy\" decoding=\"async\" class=\"alignnone size-medium wp-image-139\" src=\"http:\/\/insel-kreta.net\/wordpress\/wp-content\/uploads\/2014\/08\/Bild02.jpg\" alt=\"Bild02\" width=\"299\" height=\"203\" \/><\/a><\/p>\n<p>Sowie kleine Kriechtiere und viele Singv\u00f6gel. Am Anfang der Schlucht kann man sein Auto einfach abstellen um die Schlucht zu Fu\u00df zu erkunden. Nach einigen Metern erreicht man einen kleinen Flu\u00df, der im Fr\u00fchling reichlich Wasser f\u00fchrt. Ich denke das er im Sommer weniger Wasser f\u00fchrt. Wenn man den Flu\u00df \u00fcberquert hat entfaltet sich vor ihren Augen die ganz Sch\u00f6nheit der Schlucht. Ich denke man kann die Schlucht auch mit dem Jeep durchqueren. Leider wei\u00df ich nicht wo der Weg endet,da wir keinen Jeep hatten.<\/p>\n","protected":false},"excerpt":{"rendered":"<p>Die Deliana Schlucht Auf einer unserer Inselrundfahrten mit dem Mietwagen entdeckten wir zuf\u00e4llig die Deliana Schlucht. Sie liegt direkt hinter dem gleichnahmigen Ort.Wir fuhren auf der Hauptstra\u00dfe von Chania in Richtung Kisamos. Platanias und Gerani lie\u00dfen wir hinter uns und nahmen dann die Abzweigung nach Voukolis. Die Stra\u00dfe f\u00fchrt durch einige Malerische Bergd\u00f6rfer, die zum [&hellip;]<\/p>\n","protected":false},"author":1,"featured_media":0,"parent":132,"menu_order":0,"comment_status":"open","ping_status":"open","template":"","meta":{"footnotes":""},"class_list":["post-137","page","type-page","status-publish","hentry"],"_links":{"self":[{"href":"http:\/\/insel-kreta.net\/wordpress\/wp-json\/wp\/v2\/pages\/137","targetHints":{"allow":["GET"]}}],"collection":[{"href":"http:\/\/insel-kreta.net\/wordpress\/wp-json\/wp\/v2\/pages"}],"about":[{"href":"http:\/\/insel-kreta.net\/wordpress\/wp-json\/wp\/v2\/types\/page"}],"author":[{"embeddable":true,"href":"http:\/\/insel-kreta.net\/wordpress\/wp-json\/wp\/v2\/users\/1"}],"replies":[{"embeddable":true,"href":"http:\/\/insel-kreta.net\/wordpress\/wp-json\/wp\/v2\/comments?post=137"}],"version-history":[{"count":1,"href":"http:\/\/insel-kreta.net\/wordpress\/wp-json\/wp\/v2\/pages\/137\/revisions"}],"predecessor-version":[{"id":140,"href":"http:\/\/insel-kreta.net\/wordpress\/wp-json\/wp\/v2\/pages\/137\/revisions\/140"}],"up":[{"embeddable":true,"href":"http:\/\/insel-kreta.net\/wordpress\/wp-json\/wp\/v2\/pages\/132"}],"wp:attachment":[{"href":"http:\/\/insel-kreta.net\/wordpress\/wp-json\/wp\/v2\/media?parent=137"}],"curies":[{"name":"wp","href":"https:\/\/api.w.org\/{rel}","templated":true}]}}