{"id":144,"date":"2014-08-05T08:24:26","date_gmt":"2014-08-05T08:24:26","guid":{"rendered":"http:\/\/insel-kreta.net\/wordpress\/?page_id=144"},"modified":"2014-08-12T06:41:06","modified_gmt":"2014-08-12T06:41:06","slug":"vai","status":"publish","type":"page","link":"http:\/\/insel-kreta.net\/wordpress\/naturschoenheiten\/vai\/","title":{"rendered":"Vai"},"content":{"rendered":"<p>Vai der gr\u00f6\u00dfte Palmenstrand Griechenlands<\/p>\n<p>Vai ist der gr\u00f6\u00dfte Palmenhain auf griechischem Boden. Er liegt im \u00e4u\u00dfersten Osten Kretas und entstand der Legende nach durch Seefahrer die hier Datteln a\u00dfen. Der Strand selber besteht aus Kies und das t\u00fcrkiesbaue Wasser ist wundersch\u00f6n zum baden.<\/p>\n<p><a href=\"http:\/\/insel-kreta.net\/wordpress\/wp-content\/uploads\/2014\/08\/Vai1.jpg\"><img loading=\"lazy\" decoding=\"async\" class=\"alignnone size-full wp-image-145\" src=\"http:\/\/insel-kreta.net\/wordpress\/wp-content\/uploads\/2014\/08\/Vai1.jpg\" alt=\"Vai1\" width=\"296\" height=\"197\" \/><\/a> <a href=\"http:\/\/insel-kreta.net\/wordpress\/wp-content\/uploads\/2014\/08\/Vai2.jpg\"><img loading=\"lazy\" decoding=\"async\" class=\"alignnone size-medium wp-image-146\" src=\"http:\/\/insel-kreta.net\/wordpress\/wp-content\/uploads\/2014\/08\/Vai2.jpg\" alt=\"Vai2\" width=\"296\" height=\"197\" \/><\/a><\/p>\n","protected":false},"excerpt":{"rendered":"<p>Vai der gr\u00f6\u00dfte Palmenstrand Griechenlands Vai ist der gr\u00f6\u00dfte Palmenhain auf griechischem Boden. Er liegt im \u00e4u\u00dfersten Osten Kretas und entstand der Legende nach durch Seefahrer die hier Datteln a\u00dfen. Der Strand selber besteht aus Kies und das t\u00fcrkiesbaue Wasser ist wundersch\u00f6n zum baden.<\/p>\n","protected":false},"author":1,"featured_media":0,"parent":132,"menu_order":0,"comment_status":"open","ping_status":"open","template":"","meta":{"footnotes":""},"class_list":["post-144","page","type-page","status-publish","hentry"],"_links":{"self":[{"href":"http:\/\/insel-kreta.net\/wordpress\/wp-json\/wp\/v2\/pages\/144","targetHints":{"allow":["GET"]}}],"collection":[{"href":"http:\/\/insel-kreta.net\/wordpress\/wp-json\/wp\/v2\/pages"}],"about":[{"href":"http:\/\/insel-kreta.net\/wordpress\/wp-json\/wp\/v2\/types\/page"}],"author":[{"embeddable":true,"href":"http:\/\/insel-kreta.net\/wordpress\/wp-json\/wp\/v2\/users\/1"}],"replies":[{"embeddable":true,"href":"http:\/\/insel-kreta.net\/wordpress\/wp-json\/wp\/v2\/comments?post=144"}],"version-history":[{"count":1,"href":"http:\/\/insel-kreta.net\/wordpress\/wp-json\/wp\/v2\/pages\/144\/revisions"}],"predecessor-version":[{"id":147,"href":"http:\/\/insel-kreta.net\/wordpress\/wp-json\/wp\/v2\/pages\/144\/revisions\/147"}],"up":[{"embeddable":true,"href":"http:\/\/insel-kreta.net\/wordpress\/wp-json\/wp\/v2\/pages\/132"}],"wp:attachment":[{"href":"http:\/\/insel-kreta.net\/wordpress\/wp-json\/wp\/v2\/media?parent=144"}],"curies":[{"name":"wp","href":"https:\/\/api.w.org\/{rel}","templated":true}]}}