{"id":167,"date":"2014-08-05T08:31:29","date_gmt":"2014-08-05T08:31:29","guid":{"rendered":"http:\/\/insel-kreta.net\/wordpress\/?page_id=167"},"modified":"2014-08-12T06:39:59","modified_gmt":"2014-08-12T06:39:59","slug":"kourna-see","status":"publish","type":"page","link":"http:\/\/insel-kreta.net\/wordpress\/naturschoenheiten\/kourna-see\/","title":{"rendered":"Kourna See"},"content":{"rendered":"<p><strong>Der Kourna See<\/strong><\/p>\n<p>Vom kleinen Fischer\u00f6rtchen Georgioupolis sind es ca 12 km bis zu einem der sch\u00f6nsten Pl\u00e4tze Kreta&#8217;s.<\/p>\n<p>Der Kourna See liegt malerisch zwischen Bergen eingebettet. Er ist der einzige S\u00fc\u00dfwassersee Kreta&#8216; und l\u00e4dt an he\u00dfen Sommerwochenenden nicht nur Touristen zum baden ein. An der Uferpromenade befinden sich Tavernen. Der sauber Sandstrand l\u00e4dt zum relaxen ein und wer sich etwas k\u00f6rperlich bet\u00e4tigen will kann ein Trettboot leihen und den See erforschen. Ein Teil des Sees ist nicht \u00f6ffentlich, da hier eine seltene Schildkr\u00f6tenart lebt. Vom See nach Georgioupolis erstreckt sich der Turtle-River welchen man von Georgioupolis ebenfalls mit einem Trettboot befahren kann.<\/p>\n<p><a href=\"http:\/\/insel-kreta.net\/wordpress\/wp-content\/uploads\/2014\/08\/Kourna.jpg\"><img loading=\"lazy\" decoding=\"async\" class=\"alignnone size-medium wp-image-168\" src=\"http:\/\/insel-kreta.net\/wordpress\/wp-content\/uploads\/2014\/08\/Kourna-300x168.jpg\" alt=\"Kourna\" width=\"300\" height=\"168\" srcset=\"http:\/\/insel-kreta.net\/wordpress\/wp-content\/uploads\/2014\/08\/Kourna-300x168.jpg 300w, http:\/\/insel-kreta.net\/wordpress\/wp-content\/uploads\/2014\/08\/Kourna.jpg 320w\" sizes=\"auto, (max-width: 300px) 100vw, 300px\" \/><\/a> <a href=\"http:\/\/insel-kreta.net\/wordpress\/wp-content\/uploads\/2014\/08\/Kourna2.jpg\"><img loading=\"lazy\" decoding=\"async\" class=\"alignnone size-medium wp-image-169\" src=\"http:\/\/insel-kreta.net\/wordpress\/wp-content\/uploads\/2014\/08\/Kourna2-300x168.jpg\" alt=\"Kourna2\" width=\"300\" height=\"168\" srcset=\"http:\/\/insel-kreta.net\/wordpress\/wp-content\/uploads\/2014\/08\/Kourna2-300x168.jpg 300w, http:\/\/insel-kreta.net\/wordpress\/wp-content\/uploads\/2014\/08\/Kourna2.jpg 320w\" sizes=\"auto, (max-width: 300px) 100vw, 300px\" \/><\/a> <a href=\"http:\/\/insel-kreta.net\/wordpress\/wp-content\/uploads\/2014\/08\/Kourna3.jpg\"><img loading=\"lazy\" decoding=\"async\" class=\"alignnone size-medium wp-image-170\" src=\"http:\/\/insel-kreta.net\/wordpress\/wp-content\/uploads\/2014\/08\/Kourna3-300x168.jpg\" alt=\"Kourna3\" width=\"300\" height=\"168\" srcset=\"http:\/\/insel-kreta.net\/wordpress\/wp-content\/uploads\/2014\/08\/Kourna3-300x168.jpg 300w, http:\/\/insel-kreta.net\/wordpress\/wp-content\/uploads\/2014\/08\/Kourna3.jpg 320w\" sizes=\"auto, (max-width: 300px) 100vw, 300px\" \/><\/a> <a href=\"http:\/\/insel-kreta.net\/wordpress\/wp-content\/uploads\/2014\/08\/Kourna4.jpg\"><img loading=\"lazy\" decoding=\"async\" class=\"alignnone size-medium wp-image-171\" src=\"http:\/\/insel-kreta.net\/wordpress\/wp-content\/uploads\/2014\/08\/Kourna4-300x168.jpg\" alt=\"Kourna4\" width=\"300\" height=\"168\" srcset=\"http:\/\/insel-kreta.net\/wordpress\/wp-content\/uploads\/2014\/08\/Kourna4-300x168.jpg 300w, http:\/\/insel-kreta.net\/wordpress\/wp-content\/uploads\/2014\/08\/Kourna4.jpg 320w\" sizes=\"auto, (max-width: 300px) 100vw, 300px\" \/><\/a> <a href=\"http:\/\/insel-kreta.net\/wordpress\/wp-content\/uploads\/2014\/08\/Kourna5.jpg\"><img loading=\"lazy\" decoding=\"async\" class=\"alignnone size-medium wp-image-172\" src=\"http:\/\/insel-kreta.net\/wordpress\/wp-content\/uploads\/2014\/08\/Kourna5-300x168.jpg\" alt=\"Kourna5\" width=\"300\" height=\"168\" srcset=\"http:\/\/insel-kreta.net\/wordpress\/wp-content\/uploads\/2014\/08\/Kourna5-300x168.jpg 300w, http:\/\/insel-kreta.net\/wordpress\/wp-content\/uploads\/2014\/08\/Kourna5.jpg 320w\" sizes=\"auto, (max-width: 300px) 100vw, 300px\" \/><\/a> <a href=\"http:\/\/insel-kreta.net\/wordpress\/wp-content\/uploads\/2014\/08\/Kourna6.jpg\"><img loading=\"lazy\" decoding=\"async\" class=\"alignnone size-medium wp-image-173\" src=\"http:\/\/insel-kreta.net\/wordpress\/wp-content\/uploads\/2014\/08\/Kourna6-300x168.jpg\" alt=\"Kourna6\" width=\"300\" height=\"168\" srcset=\"http:\/\/insel-kreta.net\/wordpress\/wp-content\/uploads\/2014\/08\/Kourna6-300x168.jpg 300w, http:\/\/insel-kreta.net\/wordpress\/wp-content\/uploads\/2014\/08\/Kourna6.jpg 320w\" sizes=\"auto, (max-width: 300px) 100vw, 300px\" \/><\/a><\/p>\n","protected":false},"excerpt":{"rendered":"<p>Der Kourna See Vom kleinen Fischer\u00f6rtchen Georgioupolis sind es ca 12 km bis zu einem der sch\u00f6nsten Pl\u00e4tze Kreta&#8217;s. Der Kourna See liegt malerisch zwischen Bergen eingebettet. Er ist der einzige S\u00fc\u00dfwassersee Kreta&#8216; und l\u00e4dt an he\u00dfen Sommerwochenenden nicht nur Touristen zum baden ein. An der Uferpromenade befinden sich Tavernen. Der sauber Sandstrand l\u00e4dt zum [&hellip;]<\/p>\n","protected":false},"author":1,"featured_media":0,"parent":132,"menu_order":0,"comment_status":"open","ping_status":"open","template":"","meta":{"footnotes":""},"class_list":["post-167","page","type-page","status-publish","hentry"],"_links":{"self":[{"href":"http:\/\/insel-kreta.net\/wordpress\/wp-json\/wp\/v2\/pages\/167","targetHints":{"allow":["GET"]}}],"collection":[{"href":"http:\/\/insel-kreta.net\/wordpress\/wp-json\/wp\/v2\/pages"}],"about":[{"href":"http:\/\/insel-kreta.net\/wordpress\/wp-json\/wp\/v2\/types\/page"}],"author":[{"embeddable":true,"href":"http:\/\/insel-kreta.net\/wordpress\/wp-json\/wp\/v2\/users\/1"}],"replies":[{"embeddable":true,"href":"http:\/\/insel-kreta.net\/wordpress\/wp-json\/wp\/v2\/comments?post=167"}],"version-history":[{"count":1,"href":"http:\/\/insel-kreta.net\/wordpress\/wp-json\/wp\/v2\/pages\/167\/revisions"}],"predecessor-version":[{"id":174,"href":"http:\/\/insel-kreta.net\/wordpress\/wp-json\/wp\/v2\/pages\/167\/revisions\/174"}],"up":[{"embeddable":true,"href":"http:\/\/insel-kreta.net\/wordpress\/wp-json\/wp\/v2\/pages\/132"}],"wp:attachment":[{"href":"http:\/\/insel-kreta.net\/wordpress\/wp-json\/wp\/v2\/media?parent=167"}],"curies":[{"name":"wp","href":"https:\/\/api.w.org\/{rel}","templated":true}]}}