{"id":33,"date":"2014-08-05T07:39:35","date_gmt":"2014-08-05T07:39:35","guid":{"rendered":"http:\/\/insel-kreta.net\/wordpress\/?page_id=33"},"modified":"2014-08-12T06:34:47","modified_gmt":"2014-08-12T06:34:47","slug":"rethymno","status":"publish","type":"page","link":"http:\/\/insel-kreta.net\/wordpress\/sample-page\/rethymno\/","title":{"rendered":"Rethymno"},"content":{"rendered":"<p><strong>Rethymno<\/strong> ist die Hauptstadt der gleichnamigen Pr\u00e4fektur und hat ca 20000 Einwohner. Sie liegt an der Nordk\u00fcste Kretas und ist von Chania 60 km und von Iraklion 80 km entfernt. Im Osten der Stadt liegt einer der gr\u00f6\u00dfte Sandstr\u00e4nde Kretas. In Rethymno gibt es noch ziemlich viele venezianische Geb\u00e4ude und wundersch\u00f6ne alte Kirchen, die w\u00e4hrend der t\u00fcrkischen Herrschaft in Moscheen umgewandelt wurden. Aus dieser Zeit haben sich auch noch einige Minaretts erhalten, die der Stadt einen etwas orientalischen Charakter verleihen.<\/p>\n<p><a href=\"http:\/\/insel-kreta.net\/wordpress\/wp-content\/uploads\/2014\/08\/Rethymno.jpg\"><img loading=\"lazy\" decoding=\"async\" class=\"alignnone size-full wp-image-34\" src=\"http:\/\/insel-kreta.net\/wordpress\/wp-content\/uploads\/2014\/08\/Rethymno.jpg\" alt=\"Rethymno\" width=\"203\" height=\"138\" \/><\/a>\u00a0 \u00a0\u00a0\u00a0\u00a0<a href=\"http:\/\/insel-kreta.net\/wordpress\/wp-content\/uploads\/2014\/08\/Rethymno4.jpg\"><img loading=\"lazy\" decoding=\"async\" class=\"alignnone size-full wp-image-37\" src=\"http:\/\/insel-kreta.net\/wordpress\/wp-content\/uploads\/2014\/08\/Rethymno4.jpg\" alt=\"Rethymno\" width=\"214\" height=\"148\" \/><\/a><\/p>\n<p><strong>Blick \u00fcber Rethymno<\/strong><br \/>\nDie Fortezza erhebt sich auf einem K\u00fcstenfelsen im Westen der Stadt und wurde im 16. Jahrhundert durch die Venezianer erbaut. Sie ist heute teilweise restauriert und nimmt \u00fcber dem malerischen Hafen mit seinem bemerkenswerten Leuchtturm eine beherrschende Stellung ein.<\/p>\n<p><a href=\"http:\/\/insel-kreta.net\/wordpress\/wp-content\/uploads\/2014\/08\/Rethymno2.jpg\"><img loading=\"lazy\" decoding=\"async\" class=\"alignnone size-full wp-image-35\" src=\"http:\/\/insel-kreta.net\/wordpress\/wp-content\/uploads\/2014\/08\/Rethymno2.jpg\" alt=\"Blick \u00fcber Rethymno\" width=\"204\" height=\"136\" \/><\/a><\/p>\n<p><strong>Rethymno bei Nacht<\/strong><br \/>\nRethymno besitzt leider keinen Flugplatz. Aber es verkehren t\u00e4glich mittags und abends Zubringerbusse der Luftfahrtgesellschaft Olympiaki vom Flugplatz in Chania nach Rethymno. Die Linienbusse der KTEL verbinden die Stadt mit dem Hafen von Souda und mit allen anderen St\u00e4dten und D\u00f6rfern der Pr\u00e4fektur Rethymno. In den Sommermonaten werden Kreutzfahrten nach Santorin angeboten. Aber leider gibt es keine direkte Schiffsverbindung mit dem Hafen von Pir\u00e4us. In Rethymno und der Umgebung findet man viele Hotels aller Kategorien und zwei Campingpl\u00e4tze am Oststrand, also gibt es f\u00fcr jeden Geldbeutel etwas. Mittags und abends kann man in den zahlreichen Restaurants und Tavernen einkehren um die hervorragende kretische K\u00fcche zu genie\u00dfen. Nach einem guten Abendessen kann man dann noch in Discotehken und Nachtlokale gehen um das kretische Nachtleben zu erleben und zu genie\u00dfen.<\/p>\n<p><a href=\"http:\/\/insel-kreta.net\/wordpress\/wp-content\/uploads\/2014\/08\/Rethymno3.jpg\"><img loading=\"lazy\" decoding=\"async\" class=\"alignnone size-medium wp-image-36\" src=\"http:\/\/insel-kreta.net\/wordpress\/wp-content\/uploads\/2014\/08\/Rethymno3-300x206.jpg\" alt=\"Rethymno bei Nacht\" width=\"300\" height=\"206\" srcset=\"http:\/\/insel-kreta.net\/wordpress\/wp-content\/uploads\/2014\/08\/Rethymno3-300x206.jpg 300w, http:\/\/insel-kreta.net\/wordpress\/wp-content\/uploads\/2014\/08\/Rethymno3.jpg 305w\" sizes=\"auto, (max-width: 300px) 100vw, 300px\" \/><\/a><\/p>\n","protected":false},"excerpt":{"rendered":"<p>Rethymno ist die Hauptstadt der gleichnamigen Pr\u00e4fektur und hat ca 20000 Einwohner. Sie liegt an der Nordk\u00fcste Kretas und ist von Chania 60 km und von Iraklion 80 km entfernt. Im Osten der Stadt liegt einer der gr\u00f6\u00dfte Sandstr\u00e4nde Kretas. In Rethymno gibt es noch ziemlich viele venezianische Geb\u00e4ude und wundersch\u00f6ne alte Kirchen, die w\u00e4hrend [&hellip;]<\/p>\n","protected":false},"author":1,"featured_media":0,"parent":2,"menu_order":0,"comment_status":"open","ping_status":"open","template":"","meta":{"footnotes":""},"class_list":["post-33","page","type-page","status-publish","hentry"],"_links":{"self":[{"href":"http:\/\/insel-kreta.net\/wordpress\/wp-json\/wp\/v2\/pages\/33","targetHints":{"allow":["GET"]}}],"collection":[{"href":"http:\/\/insel-kreta.net\/wordpress\/wp-json\/wp\/v2\/pages"}],"about":[{"href":"http:\/\/insel-kreta.net\/wordpress\/wp-json\/wp\/v2\/types\/page"}],"author":[{"embeddable":true,"href":"http:\/\/insel-kreta.net\/wordpress\/wp-json\/wp\/v2\/users\/1"}],"replies":[{"embeddable":true,"href":"http:\/\/insel-kreta.net\/wordpress\/wp-json\/wp\/v2\/comments?post=33"}],"version-history":[{"count":1,"href":"http:\/\/insel-kreta.net\/wordpress\/wp-json\/wp\/v2\/pages\/33\/revisions"}],"predecessor-version":[{"id":38,"href":"http:\/\/insel-kreta.net\/wordpress\/wp-json\/wp\/v2\/pages\/33\/revisions\/38"}],"up":[{"embeddable":true,"href":"http:\/\/insel-kreta.net\/wordpress\/wp-json\/wp\/v2\/pages\/2"}],"wp:attachment":[{"href":"http:\/\/insel-kreta.net\/wordpress\/wp-json\/wp\/v2\/media?parent=33"}],"curies":[{"name":"wp","href":"https:\/\/api.w.org\/{rel}","templated":true}]}}