{"id":39,"date":"2014-08-05T07:42:06","date_gmt":"2014-08-05T07:42:06","guid":{"rendered":"http:\/\/insel-kreta.net\/wordpress\/?page_id=39"},"modified":"2014-08-12T06:35:09","modified_gmt":"2014-08-12T06:35:09","slug":"spili","status":"publish","type":"page","link":"http:\/\/insel-kreta.net\/wordpress\/sample-page\/spili\/","title":{"rendered":"Spili"},"content":{"rendered":"<p><strong>Das Berdorf Spili<\/strong><\/p>\n<p>An den s\u00fcdwestlichen H\u00e4ngen des Kerdos in mitten von Platanen befindet sich das malerische Dorf Spili. Hier findet man auf dem Dorfplatz eine Brunnenanlage in Form von 25 Wasserspeiern. Die Wasserspeier in Form von L\u00f6wenk\u00f6pfen bieten durch das aus ihnen flie\u00dfende klare und k\u00fchle Wasser eine gute Erfrischung an warmen Tagen.<\/p>\n<p>&nbsp;<\/p>\n<p>Im oberen Teil das Dorfes findet man an malerischen ansteigenden kleinen G\u00e4sschen wudersch\u00f6ne kleine G\u00e4rten und alte H\u00e4user. Auch sollte man sich eine Blick \u00fcber das Tal nicht verpassen.<\/p>\n<p>Kulturell ist sind die beeindruckenden Wandmalereien in der Kirche Metamorfosi unbedingt ein Besuch wert.<\/p>\n<p><a href=\"http:\/\/insel-kreta.net\/wordpress\/wp-content\/uploads\/2014\/08\/Spilli1.jpg\"><img loading=\"lazy\" decoding=\"async\" class=\"alignnone size-medium wp-image-40\" src=\"http:\/\/insel-kreta.net\/wordpress\/wp-content\/uploads\/2014\/08\/Spilli1-199x300.jpg\" alt=\"Spilli1\" width=\"199\" height=\"300\" srcset=\"http:\/\/insel-kreta.net\/wordpress\/wp-content\/uploads\/2014\/08\/Spilli1-199x300.jpg 199w, http:\/\/insel-kreta.net\/wordpress\/wp-content\/uploads\/2014\/08\/Spilli1.jpg 213w\" sizes=\"auto, (max-width: 199px) 100vw, 199px\" \/><\/a> <a href=\"http:\/\/insel-kreta.net\/wordpress\/wp-content\/uploads\/2014\/08\/Spilli2.jpg\"><img loading=\"lazy\" decoding=\"async\" class=\"alignnone size-medium wp-image-41\" src=\"http:\/\/insel-kreta.net\/wordpress\/wp-content\/uploads\/2014\/08\/Spilli2-199x300.jpg\" alt=\"Spili\" width=\"199\" height=\"300\" srcset=\"http:\/\/insel-kreta.net\/wordpress\/wp-content\/uploads\/2014\/08\/Spilli2-199x300.jpg 199w, http:\/\/insel-kreta.net\/wordpress\/wp-content\/uploads\/2014\/08\/Spilli2.jpg 213w\" sizes=\"auto, (max-width: 199px) 100vw, 199px\" \/><\/a> <a href=\"http:\/\/insel-kreta.net\/wordpress\/wp-content\/uploads\/2014\/08\/Spilli3.jpg\"><img loading=\"lazy\" decoding=\"async\" class=\"alignnone size-medium wp-image-42\" src=\"http:\/\/insel-kreta.net\/wordpress\/wp-content\/uploads\/2014\/08\/Spilli3-300x199.jpg\" alt=\"Spilli3\" width=\"300\" height=\"199\" srcset=\"http:\/\/insel-kreta.net\/wordpress\/wp-content\/uploads\/2014\/08\/Spilli3-300x199.jpg 300w, http:\/\/insel-kreta.net\/wordpress\/wp-content\/uploads\/2014\/08\/Spilli3.jpg 320w\" sizes=\"auto, (max-width: 300px) 100vw, 300px\" \/><\/a> <a href=\"http:\/\/insel-kreta.net\/wordpress\/wp-content\/uploads\/2014\/08\/Spilli4.jpg\"><img loading=\"lazy\" decoding=\"async\" class=\"alignnone size-medium wp-image-43\" src=\"http:\/\/insel-kreta.net\/wordpress\/wp-content\/uploads\/2014\/08\/Spilli4-300x199.jpg\" alt=\"Spilli4\" width=\"300\" height=\"199\" srcset=\"http:\/\/insel-kreta.net\/wordpress\/wp-content\/uploads\/2014\/08\/Spilli4-300x199.jpg 300w, http:\/\/insel-kreta.net\/wordpress\/wp-content\/uploads\/2014\/08\/Spilli4.jpg 320w\" sizes=\"auto, (max-width: 300px) 100vw, 300px\" \/><\/a><\/p>\n","protected":false},"excerpt":{"rendered":"<p>Das Berdorf Spili An den s\u00fcdwestlichen H\u00e4ngen des Kerdos in mitten von Platanen befindet sich das malerische Dorf Spili. Hier findet man auf dem Dorfplatz eine Brunnenanlage in Form von 25 Wasserspeiern. Die Wasserspeier in Form von L\u00f6wenk\u00f6pfen bieten durch das aus ihnen flie\u00dfende klare und k\u00fchle Wasser eine gute Erfrischung an warmen Tagen. &nbsp; [&hellip;]<\/p>\n","protected":false},"author":1,"featured_media":0,"parent":2,"menu_order":0,"comment_status":"open","ping_status":"open","template":"","meta":{"footnotes":""},"class_list":["post-39","page","type-page","status-publish","hentry"],"_links":{"self":[{"href":"http:\/\/insel-kreta.net\/wordpress\/wp-json\/wp\/v2\/pages\/39","targetHints":{"allow":["GET"]}}],"collection":[{"href":"http:\/\/insel-kreta.net\/wordpress\/wp-json\/wp\/v2\/pages"}],"about":[{"href":"http:\/\/insel-kreta.net\/wordpress\/wp-json\/wp\/v2\/types\/page"}],"author":[{"embeddable":true,"href":"http:\/\/insel-kreta.net\/wordpress\/wp-json\/wp\/v2\/users\/1"}],"replies":[{"embeddable":true,"href":"http:\/\/insel-kreta.net\/wordpress\/wp-json\/wp\/v2\/comments?post=39"}],"version-history":[{"count":1,"href":"http:\/\/insel-kreta.net\/wordpress\/wp-json\/wp\/v2\/pages\/39\/revisions"}],"predecessor-version":[{"id":44,"href":"http:\/\/insel-kreta.net\/wordpress\/wp-json\/wp\/v2\/pages\/39\/revisions\/44"}],"up":[{"embeddable":true,"href":"http:\/\/insel-kreta.net\/wordpress\/wp-json\/wp\/v2\/pages\/2"}],"wp:attachment":[{"href":"http:\/\/insel-kreta.net\/wordpress\/wp-json\/wp\/v2\/media?parent=39"}],"curies":[{"name":"wp","href":"https:\/\/api.w.org\/{rel}","templated":true}]}}