{"id":45,"date":"2014-08-05T07:44:52","date_gmt":"2014-08-05T07:44:52","guid":{"rendered":"http:\/\/insel-kreta.net\/wordpress\/?page_id=45"},"modified":"2014-08-12T06:33:59","modified_gmt":"2014-08-12T06:33:59","slug":"georgioupolis","status":"publish","type":"page","link":"http:\/\/insel-kreta.net\/wordpress\/sample-page\/georgioupolis\/","title":{"rendered":"Georgioupolis"},"content":{"rendered":"<p><strong>Georgioupolis<\/strong><\/p>\n<p>In mitten der Ebende von Armiros befindet sich das K\u00fcstenst\u00e4dtchen Georgioupolis. Es ist benannt nach dem ersten Hochkommisar von Kreta Prinz Georg. Der Hauptplatz ist von Eukalyptusb\u00e4umen ums\u00e4umt und l\u00e4dt an warmen Sommerabenden zum Einkehren in die vielen Bars und Tavernen des Ortes ein. Ein weiteres Highlight ist der nahgelegene Kourna-See, der einzige S\u00fc\u00dfwassersee Kretas. Von ihm geht eine kleine Fluss in Richtung Georgioupolis. Eine kleine Bootstour auf ihm bietet vielleicht die M\u00f6glichkeit eine der seltenen und gesch\u00fctzten S\u00fc\u00dfwasserschildkr\u00f6ten Kretas zu beobachten.<\/p>\n<p><a href=\"http:\/\/insel-kreta.net\/wordpress\/wp-content\/uploads\/2014\/08\/Georgioupolis1.jpg\"><img loading=\"lazy\" decoding=\"async\" class=\"alignnone size-medium wp-image-46\" src=\"http:\/\/insel-kreta.net\/wordpress\/wp-content\/uploads\/2014\/08\/Georgioupolis1-300x199.jpg\" alt=\"Georgioupolis\" width=\"300\" height=\"199\" srcset=\"http:\/\/insel-kreta.net\/wordpress\/wp-content\/uploads\/2014\/08\/Georgioupolis1-300x199.jpg 300w, http:\/\/insel-kreta.net\/wordpress\/wp-content\/uploads\/2014\/08\/Georgioupolis1.jpg 320w\" sizes=\"auto, (max-width: 300px) 100vw, 300px\" \/><\/a> <a href=\"http:\/\/insel-kreta.net\/wordpress\/wp-content\/uploads\/2014\/08\/Georgioupolis2.jpg\"><img loading=\"lazy\" decoding=\"async\" class=\"alignnone size-medium wp-image-47\" src=\"http:\/\/insel-kreta.net\/wordpress\/wp-content\/uploads\/2014\/08\/Georgioupolis2-300x199.jpg\" alt=\"Georgioupolis2\" width=\"300\" height=\"199\" srcset=\"http:\/\/insel-kreta.net\/wordpress\/wp-content\/uploads\/2014\/08\/Georgioupolis2-300x199.jpg 300w, http:\/\/insel-kreta.net\/wordpress\/wp-content\/uploads\/2014\/08\/Georgioupolis2.jpg 320w\" sizes=\"auto, (max-width: 300px) 100vw, 300px\" \/><\/a><\/p>\n","protected":false},"excerpt":{"rendered":"<p>Georgioupolis In mitten der Ebende von Armiros befindet sich das K\u00fcstenst\u00e4dtchen Georgioupolis. Es ist benannt nach dem ersten Hochkommisar von Kreta Prinz Georg. Der Hauptplatz ist von Eukalyptusb\u00e4umen ums\u00e4umt und l\u00e4dt an warmen Sommerabenden zum Einkehren in die vielen Bars und Tavernen des Ortes ein. Ein weiteres Highlight ist der nahgelegene Kourna-See, der einzige S\u00fc\u00dfwassersee [&hellip;]<\/p>\n","protected":false},"author":1,"featured_media":0,"parent":2,"menu_order":0,"comment_status":"open","ping_status":"open","template":"","meta":{"footnotes":""},"class_list":["post-45","page","type-page","status-publish","hentry"],"_links":{"self":[{"href":"http:\/\/insel-kreta.net\/wordpress\/wp-json\/wp\/v2\/pages\/45","targetHints":{"allow":["GET"]}}],"collection":[{"href":"http:\/\/insel-kreta.net\/wordpress\/wp-json\/wp\/v2\/pages"}],"about":[{"href":"http:\/\/insel-kreta.net\/wordpress\/wp-json\/wp\/v2\/types\/page"}],"author":[{"embeddable":true,"href":"http:\/\/insel-kreta.net\/wordpress\/wp-json\/wp\/v2\/users\/1"}],"replies":[{"embeddable":true,"href":"http:\/\/insel-kreta.net\/wordpress\/wp-json\/wp\/v2\/comments?post=45"}],"version-history":[{"count":1,"href":"http:\/\/insel-kreta.net\/wordpress\/wp-json\/wp\/v2\/pages\/45\/revisions"}],"predecessor-version":[{"id":48,"href":"http:\/\/insel-kreta.net\/wordpress\/wp-json\/wp\/v2\/pages\/45\/revisions\/48"}],"up":[{"embeddable":true,"href":"http:\/\/insel-kreta.net\/wordpress\/wp-json\/wp\/v2\/pages\/2"}],"wp:attachment":[{"href":"http:\/\/insel-kreta.net\/wordpress\/wp-json\/wp\/v2\/media?parent=45"}],"curies":[{"name":"wp","href":"https:\/\/api.w.org\/{rel}","templated":true}]}}