{"id":51,"date":"2014-08-05T07:47:56","date_gmt":"2014-08-05T07:47:56","guid":{"rendered":"http:\/\/insel-kreta.net\/wordpress\/?page_id=51"},"modified":"2014-08-12T06:43:39","modified_gmt":"2014-08-12T06:43:39","slug":"lychnostatis","status":"publish","type":"page","link":"http:\/\/insel-kreta.net\/wordpress\/kulturelles\/lychnostatis\/","title":{"rendered":"Lychnostatis"},"content":{"rendered":"<p><strong>Lychnostatis<\/strong><\/p>\n<p>Am \u00f6stlichen Ende kurz hinter dem Wasserpark in Chersonissos befindet sich ein wundersch\u00f6nes Volksmuseum. Im Lychnostatis hat man die M\u00f6glichkeit das Leben der Einwohner auf Kreta zu sehen und auch zu erleben. Hier ist ein kompleter Bauernhof mit Herrenhaus, Backstube, einer orginal Windm\u00fchle aus Kreta und einem wundersch\u00f6nen Garten aufgebaut. An manchen Tage ist es sogar m\u00f6glich der Herstellung von Raki bezuwohnen. Mehr Informationen finden sie unter <a title=\"http:\/\/www.lychnostatis.gr\" href=\"http:\/\/www.lychnostatis.gr\/index.php?page=home&amp;hl=de_DE\" target=\"_blank\">http:\/\/www.lychnostatis.gr\/german.html<\/a><\/p>\n<p><a href=\"http:\/\/insel-kreta.net\/wordpress\/wp-content\/uploads\/2014\/08\/lych04.jpg\"><img loading=\"lazy\" decoding=\"async\" class=\"alignnone size-full wp-image-56\" src=\"http:\/\/insel-kreta.net\/wordpress\/wp-content\/uploads\/2014\/08\/lych04.jpg\" alt=\"lych04\" width=\"297\" height=\"202\" \/><\/a> <a href=\"http:\/\/insel-kreta.net\/wordpress\/wp-content\/uploads\/2014\/08\/lych03.jpg\"><img loading=\"lazy\" decoding=\"async\" class=\"alignnone size-full wp-image-55\" src=\"http:\/\/insel-kreta.net\/wordpress\/wp-content\/uploads\/2014\/08\/lych03.jpg\" alt=\"lych03\" width=\"295\" height=\"203\" \/><\/a> <a href=\"http:\/\/insel-kreta.net\/wordpress\/wp-content\/uploads\/2014\/08\/lych02.jpg\"><img loading=\"lazy\" decoding=\"async\" class=\"alignnone size-full wp-image-54\" src=\"http:\/\/insel-kreta.net\/wordpress\/wp-content\/uploads\/2014\/08\/lych02.jpg\" alt=\"lych02\" width=\"297\" height=\"202\" \/><\/a> <a href=\"http:\/\/insel-kreta.net\/wordpress\/wp-content\/uploads\/2014\/08\/lych01.jpg\"><img loading=\"lazy\" decoding=\"async\" class=\"alignnone size-full wp-image-53\" src=\"http:\/\/insel-kreta.net\/wordpress\/wp-content\/uploads\/2014\/08\/lych01.jpg\" alt=\"Lychnostatis\" width=\"297\" height=\"202\" \/><\/a><\/p>\n","protected":false},"excerpt":{"rendered":"<p>Lychnostatis Am \u00f6stlichen Ende kurz hinter dem Wasserpark in Chersonissos befindet sich ein wundersch\u00f6nes Volksmuseum. Im Lychnostatis hat man die M\u00f6glichkeit das Leben der Einwohner auf Kreta zu sehen und auch zu erleben. Hier ist ein kompleter Bauernhof mit Herrenhaus, Backstube, einer orginal Windm\u00fchle aus Kreta und einem wundersch\u00f6nen Garten aufgebaut. An manchen Tage ist [&hellip;]<\/p>\n","protected":false},"author":1,"featured_media":0,"parent":49,"menu_order":0,"comment_status":"open","ping_status":"open","template":"","meta":{"footnotes":""},"class_list":["post-51","page","type-page","status-publish","hentry"],"_links":{"self":[{"href":"http:\/\/insel-kreta.net\/wordpress\/wp-json\/wp\/v2\/pages\/51","targetHints":{"allow":["GET"]}}],"collection":[{"href":"http:\/\/insel-kreta.net\/wordpress\/wp-json\/wp\/v2\/pages"}],"about":[{"href":"http:\/\/insel-kreta.net\/wordpress\/wp-json\/wp\/v2\/types\/page"}],"author":[{"embeddable":true,"href":"http:\/\/insel-kreta.net\/wordpress\/wp-json\/wp\/v2\/users\/1"}],"replies":[{"embeddable":true,"href":"http:\/\/insel-kreta.net\/wordpress\/wp-json\/wp\/v2\/comments?post=51"}],"version-history":[{"count":3,"href":"http:\/\/insel-kreta.net\/wordpress\/wp-json\/wp\/v2\/pages\/51\/revisions"}],"predecessor-version":[{"id":214,"href":"http:\/\/insel-kreta.net\/wordpress\/wp-json\/wp\/v2\/pages\/51\/revisions\/214"}],"up":[{"embeddable":true,"href":"http:\/\/insel-kreta.net\/wordpress\/wp-json\/wp\/v2\/pages\/49"}],"wp:attachment":[{"href":"http:\/\/insel-kreta.net\/wordpress\/wp-json\/wp\/v2\/media?parent=51"}],"curies":[{"name":"wp","href":"https:\/\/api.w.org\/{rel}","templated":true}]}}