{"id":58,"date":"2014-08-05T07:50:12","date_gmt":"2014-08-05T07:50:12","guid":{"rendered":"http:\/\/insel-kreta.net\/wordpress\/?page_id=58"},"modified":"2014-08-12T06:41:32","modified_gmt":"2014-08-12T06:41:32","slug":"kloster-preveli","status":"publish","type":"page","link":"http:\/\/insel-kreta.net\/wordpress\/kulturelles\/kloster-preveli\/","title":{"rendered":"Kloster Preveli"},"content":{"rendered":"<p><strong>Das Kloster Preveli<\/strong><br \/>\nWestlich der M\u00fcndung des Kourtalioti Flusses erhebt sich in einer wundersch\u00f6nen tiefgr\u00fcnen Landschaft der untere Bau des Klosters Preveli. Dier an einem Bach mit kleiner Steinbr\u00fccke liegende Teil ist heute verlassen.<\/p>\n<p><a href=\"http:\/\/insel-kreta.net\/wordpress\/wp-content\/uploads\/2014\/08\/Preveli1.jpg\"><img loading=\"lazy\" decoding=\"async\" class=\"alignnone size-medium wp-image-59\" src=\"http:\/\/insel-kreta.net\/wordpress\/wp-content\/uploads\/2014\/08\/Preveli1-300x199.jpg\" alt=\"Preveli\" width=\"300\" height=\"199\" srcset=\"http:\/\/insel-kreta.net\/wordpress\/wp-content\/uploads\/2014\/08\/Preveli1-300x199.jpg 300w, http:\/\/insel-kreta.net\/wordpress\/wp-content\/uploads\/2014\/08\/Preveli1.jpg 320w\" sizes=\"auto, (max-width: 300px) 100vw, 300px\" \/><\/a> <a href=\"http:\/\/insel-kreta.net\/wordpress\/wp-content\/uploads\/2014\/08\/Preveli3.jpg\"><img loading=\"lazy\" decoding=\"async\" class=\"alignnone size-medium wp-image-60\" src=\"http:\/\/insel-kreta.net\/wordpress\/wp-content\/uploads\/2014\/08\/Preveli3-300x199.jpg\" alt=\"Preveli3\" width=\"300\" height=\"199\" srcset=\"http:\/\/insel-kreta.net\/wordpress\/wp-content\/uploads\/2014\/08\/Preveli3-300x199.jpg 300w, http:\/\/insel-kreta.net\/wordpress\/wp-content\/uploads\/2014\/08\/Preveli3.jpg 320w\" sizes=\"auto, (max-width: 300px) 100vw, 300px\" \/><\/a><br \/>\nDie Klosterkirche mit Glockenturm selbst wurde 1594 errichtet und ist Johannes dem T\u00e4ufer geweit. Bewohnt und auch zur Besichtigung freigegeben ist nur noch der obere Teil auch hinteres Kloster genannt. Dieser befindet sich einige 100m hinter dem Parkplatz mit Abstieg zum traumhaften Palmenstrand von Preveli und ca. 3,5 km vom vorderen Kloster entfernt. Im Jahre 1629 wurde hier die Klosterkirche errichtet und dem Evangelisten Johannes geweiht.<\/p>\n<p><img loading=\"lazy\" decoding=\"async\" class=\"alignnone size-medium wp-image-61\" src=\"http:\/\/insel-kreta.net\/wordpress\/wp-content\/uploads\/2014\/08\/Preveli4-300x199.jpg\" alt=\"Preveli4\" width=\"300\" height=\"199\" srcset=\"http:\/\/insel-kreta.net\/wordpress\/wp-content\/uploads\/2014\/08\/Preveli4-300x199.jpg 300w, http:\/\/insel-kreta.net\/wordpress\/wp-content\/uploads\/2014\/08\/Preveli4.jpg 320w\" sizes=\"auto, (max-width: 300px) 100vw, 300px\" \/><\/p>\n<p><img loading=\"lazy\" decoding=\"async\" class=\"alignnone size-medium wp-image-62\" src=\"http:\/\/insel-kreta.net\/wordpress\/wp-content\/uploads\/2014\/08\/Preveli5-300x199.jpg\" alt=\"Preveli5\" width=\"300\" height=\"199\" srcset=\"http:\/\/insel-kreta.net\/wordpress\/wp-content\/uploads\/2014\/08\/Preveli5-300x199.jpg 300w, http:\/\/insel-kreta.net\/wordpress\/wp-content\/uploads\/2014\/08\/Preveli5.jpg 320w\" sizes=\"auto, (max-width: 300px) 100vw, 300px\" \/><\/p>\n<p><a href=\"http:\/\/insel-kreta.net\/wordpress\/wp-content\/uploads\/2014\/08\/Preveli2.jpg\"><img loading=\"lazy\" decoding=\"async\" class=\"alignnone size-medium wp-image-63\" src=\"http:\/\/insel-kreta.net\/wordpress\/wp-content\/uploads\/2014\/08\/Preveli2-199x300.jpg\" alt=\"Preveli\" width=\"199\" height=\"300\" srcset=\"http:\/\/insel-kreta.net\/wordpress\/wp-content\/uploads\/2014\/08\/Preveli2-199x300.jpg 199w, http:\/\/insel-kreta.net\/wordpress\/wp-content\/uploads\/2014\/08\/Preveli2.jpg 213w\" sizes=\"auto, (max-width: 199px) 100vw, 199px\" \/><\/a> <a href=\"http:\/\/insel-kreta.net\/wordpress\/wp-content\/uploads\/2014\/08\/Preveli6.jpg\"><img loading=\"lazy\" decoding=\"async\" class=\"alignnone size-medium wp-image-64\" src=\"http:\/\/insel-kreta.net\/wordpress\/wp-content\/uploads\/2014\/08\/Preveli6-199x300.jpg\" alt=\"Preveli6\" width=\"199\" height=\"300\" srcset=\"http:\/\/insel-kreta.net\/wordpress\/wp-content\/uploads\/2014\/08\/Preveli6-199x300.jpg 199w, http:\/\/insel-kreta.net\/wordpress\/wp-content\/uploads\/2014\/08\/Preveli6.jpg 213w\" sizes=\"auto, (max-width: 199px) 100vw, 199px\" \/><\/a><\/p>\n","protected":false},"excerpt":{"rendered":"<p>Das Kloster Preveli Westlich der M\u00fcndung des Kourtalioti Flusses erhebt sich in einer wundersch\u00f6nen tiefgr\u00fcnen Landschaft der untere Bau des Klosters Preveli. Dier an einem Bach mit kleiner Steinbr\u00fccke liegende Teil ist heute verlassen. Die Klosterkirche mit Glockenturm selbst wurde 1594 errichtet und ist Johannes dem T\u00e4ufer geweit. Bewohnt und auch zur Besichtigung freigegeben ist [&hellip;]<\/p>\n","protected":false},"author":1,"featured_media":0,"parent":49,"menu_order":0,"comment_status":"open","ping_status":"open","template":"","meta":{"footnotes":""},"class_list":["post-58","page","type-page","status-publish","hentry"],"_links":{"self":[{"href":"http:\/\/insel-kreta.net\/wordpress\/wp-json\/wp\/v2\/pages\/58","targetHints":{"allow":["GET"]}}],"collection":[{"href":"http:\/\/insel-kreta.net\/wordpress\/wp-json\/wp\/v2\/pages"}],"about":[{"href":"http:\/\/insel-kreta.net\/wordpress\/wp-json\/wp\/v2\/types\/page"}],"author":[{"embeddable":true,"href":"http:\/\/insel-kreta.net\/wordpress\/wp-json\/wp\/v2\/users\/1"}],"replies":[{"embeddable":true,"href":"http:\/\/insel-kreta.net\/wordpress\/wp-json\/wp\/v2\/comments?post=58"}],"version-history":[{"count":1,"href":"http:\/\/insel-kreta.net\/wordpress\/wp-json\/wp\/v2\/pages\/58\/revisions"}],"predecessor-version":[{"id":65,"href":"http:\/\/insel-kreta.net\/wordpress\/wp-json\/wp\/v2\/pages\/58\/revisions\/65"}],"up":[{"embeddable":true,"href":"http:\/\/insel-kreta.net\/wordpress\/wp-json\/wp\/v2\/pages\/49"}],"wp:attachment":[{"href":"http:\/\/insel-kreta.net\/wordpress\/wp-json\/wp\/v2\/media?parent=58"}],"curies":[{"name":"wp","href":"https:\/\/api.w.org\/{rel}","templated":true}]}}