{"id":6,"date":"2014-08-05T06:49:11","date_gmt":"2014-08-05T06:49:11","guid":{"rendered":"http:\/\/insel-kreta.net\/wordpress\/?page_id=6"},"modified":"2014-08-12T06:34:17","modified_gmt":"2014-08-12T06:34:17","slug":"iraklion","status":"publish","type":"page","link":"http:\/\/insel-kreta.net\/wordpress\/sample-page\/iraklion\/","title":{"rendered":"Iraklion"},"content":{"rendered":"<p><strong>Iraklion<\/strong><\/p>\n<p>Iraklion ist mit \u00fcber 100000 Einwohnern die gr\u00f6\u00dfte Stadt Kretas und stellt f\u00fcr die meisten Besucher den Hauptzugangsort dar. Sie liegt nicht weit von den wichtigsten Ausgrabungsst\u00e4tten Kretas entfernt und ihr Archiologisches Museum z\u00e4hlt nach Athen und Delphi zu den Bedeutensten des Landes. Iraklion bietet durch dei Anbindung an die new national road die ganze Nordk\u00fcste der Insel mit dem Auto zu erkunden.<\/p>\n<p><strong>Die Geschichte der Stadt<\/strong><\/p>\n<p>Schon in der Antike war die Region um das heutige Iraklion besiedelt. An Stelleder des heutigen Iraklion befand sich 2000 Jahre vor Christus der Hafen von Knossos , der auch in r\u00f6mischer und byzantinischer Zeit noch erhalten blieb. Im Jahre 824 v.Chr. errichteten die Sarazenen nach der Eroberung Kretas eine bedeutende Sadt mit starken Mauern.Dieser Stadt geben sie den arabischen Namen Khandak, den die Byzantiener in Chandax und die Venezianer in Candia ab\u00e4nderten. In dieser Zeit wurde der Name Candia f\u00fcr die ganze Insel benutzt.W\u00e4rend der arabischen Herrschaft war die Stadt Chandax ein internationales Piraten- und Sklavenhandelszentrum, bis sie 961 von dem Byzantinern zur\u00fcckerobert wurde, die diese wiederrum eineinhalb Jahrhunderte sp\u00e4ter an die Venezianer verloren. Unter der Herrschaft der Venezianer entwickelte sich die Stadt zum kulturellen und politischen Zentrum der gesamten Insel. Als die T\u00fcrken im 16 Jahrhundert die Stadt eroberten, erhielt die Stadt ihr orientalisches Aussehen. Auch besserten sie die Stadtmauern aus, so das diese im 19 Jahrhudert einen der letzten Zufluchtsorte vor den christlischen Aufst\u00e4ndigen bildete. Leider wurde die Altstadt nach dem Ende der T\u00fcrkenherrschaft durch Erdbeben, die Bombardierungen der Zweiten Weltkrieges, und vor allem durch den Wiederaufbau der letzte 30 Jahre zert\u00f6rt. Die Stadt dehnet sich planlos aus und hat heute das Flughafengebiet erreicht.<\/p>\n","protected":false},"excerpt":{"rendered":"<p>Iraklion Iraklion ist mit \u00fcber 100000 Einwohnern die gr\u00f6\u00dfte Stadt Kretas und stellt f\u00fcr die meisten Besucher den Hauptzugangsort dar. Sie liegt nicht weit von den wichtigsten Ausgrabungsst\u00e4tten Kretas entfernt und ihr Archiologisches Museum z\u00e4hlt nach Athen und Delphi zu den Bedeutensten des Landes. Iraklion bietet durch dei Anbindung an die new national road die [&hellip;]<\/p>\n","protected":false},"author":1,"featured_media":0,"parent":2,"menu_order":0,"comment_status":"open","ping_status":"open","template":"","meta":{"footnotes":""},"class_list":["post-6","page","type-page","status-publish","hentry"],"_links":{"self":[{"href":"http:\/\/insel-kreta.net\/wordpress\/wp-json\/wp\/v2\/pages\/6","targetHints":{"allow":["GET"]}}],"collection":[{"href":"http:\/\/insel-kreta.net\/wordpress\/wp-json\/wp\/v2\/pages"}],"about":[{"href":"http:\/\/insel-kreta.net\/wordpress\/wp-json\/wp\/v2\/types\/page"}],"author":[{"embeddable":true,"href":"http:\/\/insel-kreta.net\/wordpress\/wp-json\/wp\/v2\/users\/1"}],"replies":[{"embeddable":true,"href":"http:\/\/insel-kreta.net\/wordpress\/wp-json\/wp\/v2\/comments?post=6"}],"version-history":[{"count":3,"href":"http:\/\/insel-kreta.net\/wordpress\/wp-json\/wp\/v2\/pages\/6\/revisions"}],"predecessor-version":[{"id":9,"href":"http:\/\/insel-kreta.net\/wordpress\/wp-json\/wp\/v2\/pages\/6\/revisions\/9"}],"up":[{"embeddable":true,"href":"http:\/\/insel-kreta.net\/wordpress\/wp-json\/wp\/v2\/pages\/2"}],"wp:attachment":[{"href":"http:\/\/insel-kreta.net\/wordpress\/wp-json\/wp\/v2\/media?parent=6"}],"curies":[{"name":"wp","href":"https:\/\/api.w.org\/{rel}","templated":true}]}}