{"id":68,"date":"2014-08-05T07:52:40","date_gmt":"2014-08-05T07:52:40","guid":{"rendered":"http:\/\/insel-kreta.net\/wordpress\/?page_id=68"},"modified":"2014-08-12T06:30:39","modified_gmt":"2014-08-12T06:30:39","slug":"knossos","status":"publish","type":"page","link":"http:\/\/insel-kreta.net\/wordpress\/minoer\/knossos\/","title":{"rendered":"Knossos"},"content":{"rendered":"<p><strong>Der Palast von Knossos<\/strong><\/p>\n<p>Der minoische Palast von Knossos liegt 5 Km vom Zentrum der Stadt Iraklion entfernt. Die Bus der Linie Nr. 2 fahren in kurzen Zeitabst\u00e4nden vom Haupthafen zum Palast.<\/p>\n<p>Der beeindruckende Palast ist auf einem H\u00fcgel neben dem Flu\u00df Kairatos errichtet. Diese Stelle war bereits in der Jungsteinzeit vor \u00fcber 9000 Jahren besiedelt. Vor ca. 5000 Jahren in der Vorpalastezeit befand sich an der Stelle des heutigen Knossos eine bedeutende Siedlung. Der \u00e4lteste Palast wurde dann auf dem jungsteinzeitlichen Schutt im Jahre 2000 vor Christus aufgebaut.<\/p>\n<p>Dieser wurde um 1700 v. Chr. zerst\u00f6rt. An desen Stelle wurde ein zweiter Palast erbaut, der im Jahre 1600 v. Chr. starke Sch?den durch einn Erdbeben erlitt. In der gleichen Zeit wurden um den Palast viele gro\u00dfe Geb\u00e4ude erichtet wie die k\u00f6nigliche Villa,der kleine Palast. und das S\u00fcdhaus, w\u00e4hrend sich Knossos zu einer Stadt mit vielen tausend Einwohnern entwickelte. Als im Jahre 1450 v. Chr. der gro\u00dfe Vulkan von Santorin ausbrach, gingen die Folgen auch nicht an Knossos vorbei. Doch wie aus Arch\u00e4ologischen Ausgrabungen bekannt wurde der Palast noch bis 1380 v. Chr. genutzt, obwohl die \u00fcbrigen Machtzentren Kretas zerst\u00f6rt waren. Ab dem Jahre 1200 v. Chr. wurde der Palast dann entg\u00fcltig nicht mehr bewohnt.<\/p>\n<p>Knossos blieb jedoch in der gesammten Antike und der Byzantinischen Zeit ein sehr bedeutender Stadtstaat. Erst im Mittelalter ging seine Bedeutung zur\u00fcck und aus Knossos wurde das Dorf Makrys Toichos. Ende des 19 Jahrhunderts begann man dann mit den Ersten Ausgrabungen im Bereich des Palastes von Knossos.<\/p>\n<p><a href=\"http:\/\/insel-kreta.net\/wordpress\/wp-content\/uploads\/2014\/08\/knossos1.jpg\"><img loading=\"lazy\" decoding=\"async\" class=\"alignnone size-full wp-image-69\" src=\"http:\/\/insel-kreta.net\/wordpress\/wp-content\/uploads\/2014\/08\/knossos1.jpg\" alt=\"Knossos\" width=\"223\" height=\"148\" \/><\/a> <a href=\"http:\/\/insel-kreta.net\/wordpress\/wp-content\/uploads\/2014\/08\/knossos2.jpg\"><img loading=\"lazy\" decoding=\"async\" class=\"alignnone size-medium wp-image-70\" src=\"http:\/\/insel-kreta.net\/wordpress\/wp-content\/uploads\/2014\/08\/knossos2.jpg\" alt=\"knossos2\" width=\"191\" height=\"129\" \/><\/a> <a href=\"http:\/\/insel-kreta.net\/wordpress\/wp-content\/uploads\/2014\/08\/knossos3.jpg\"><img loading=\"lazy\" decoding=\"async\" class=\"alignnone size-medium wp-image-71\" src=\"http:\/\/insel-kreta.net\/wordpress\/wp-content\/uploads\/2014\/08\/knossos3.jpg\" alt=\"knossos3\" width=\"191\" height=\"129\" \/><\/a> <a href=\"http:\/\/insel-kreta.net\/wordpress\/wp-content\/uploads\/2014\/08\/knossos5.jpg\"><img loading=\"lazy\" decoding=\"async\" class=\"alignnone size-medium wp-image-72\" src=\"http:\/\/insel-kreta.net\/wordpress\/wp-content\/uploads\/2014\/08\/knossos5-202x300.jpg\" alt=\"knossos5\" width=\"202\" height=\"300\" srcset=\"http:\/\/insel-kreta.net\/wordpress\/wp-content\/uploads\/2014\/08\/knossos5-202x300.jpg 202w, http:\/\/insel-kreta.net\/wordpress\/wp-content\/uploads\/2014\/08\/knossos5.jpg 209w\" sizes=\"auto, (max-width: 202px) 100vw, 202px\" \/><\/a> <a href=\"http:\/\/insel-kreta.net\/wordpress\/wp-content\/uploads\/2014\/08\/knossos6.jpg\"><img loading=\"lazy\" decoding=\"async\" class=\"alignnone size-medium wp-image-73\" src=\"http:\/\/insel-kreta.net\/wordpress\/wp-content\/uploads\/2014\/08\/knossos6.jpg\" alt=\"knossos6\" width=\"149\" height=\"222\" \/><\/a><\/p>\n","protected":false},"excerpt":{"rendered":"<p>Der Palast von Knossos Der minoische Palast von Knossos liegt 5 Km vom Zentrum der Stadt Iraklion entfernt. Die Bus der Linie Nr. 2 fahren in kurzen Zeitabst\u00e4nden vom Haupthafen zum Palast. Der beeindruckende Palast ist auf einem H\u00fcgel neben dem Flu\u00df Kairatos errichtet. Diese Stelle war bereits in der Jungsteinzeit vor \u00fcber 9000 Jahren [&hellip;]<\/p>\n","protected":false},"author":1,"featured_media":0,"parent":66,"menu_order":0,"comment_status":"open","ping_status":"open","template":"","meta":{"footnotes":""},"class_list":["post-68","page","type-page","status-publish","hentry"],"_links":{"self":[{"href":"http:\/\/insel-kreta.net\/wordpress\/wp-json\/wp\/v2\/pages\/68","targetHints":{"allow":["GET"]}}],"collection":[{"href":"http:\/\/insel-kreta.net\/wordpress\/wp-json\/wp\/v2\/pages"}],"about":[{"href":"http:\/\/insel-kreta.net\/wordpress\/wp-json\/wp\/v2\/types\/page"}],"author":[{"embeddable":true,"href":"http:\/\/insel-kreta.net\/wordpress\/wp-json\/wp\/v2\/users\/1"}],"replies":[{"embeddable":true,"href":"http:\/\/insel-kreta.net\/wordpress\/wp-json\/wp\/v2\/comments?post=68"}],"version-history":[{"count":1,"href":"http:\/\/insel-kreta.net\/wordpress\/wp-json\/wp\/v2\/pages\/68\/revisions"}],"predecessor-version":[{"id":74,"href":"http:\/\/insel-kreta.net\/wordpress\/wp-json\/wp\/v2\/pages\/68\/revisions\/74"}],"up":[{"embeddable":true,"href":"http:\/\/insel-kreta.net\/wordpress\/wp-json\/wp\/v2\/pages\/66"}],"wp:attachment":[{"href":"http:\/\/insel-kreta.net\/wordpress\/wp-json\/wp\/v2\/media?parent=68"}],"curies":[{"name":"wp","href":"https:\/\/api.w.org\/{rel}","templated":true}]}}