{"id":79,"date":"2014-08-05T07:56:33","date_gmt":"2014-08-05T07:56:33","guid":{"rendered":"http:\/\/insel-kreta.net\/wordpress\/?page_id=79"},"modified":"2014-08-05T07:56:33","modified_gmt":"2014-08-05T07:56:33","slug":"gortyn","status":"publish","type":"page","link":"http:\/\/insel-kreta.net\/wordpress\/minoer\/gortyn\/","title":{"rendered":"Gortyn"},"content":{"rendered":"<p><strong>Die r\u00f6mische Stadt Gortyn<\/strong><\/p>\n<p>Gortyn ist eine der \u00e4ltesten St\u00e4dte Kretas und herrschte in vorgeschichtlicher und geschichtlicher Zeit \u00fcber die Mesara-Ebene. Den Gerechtigkeitsinn der Einwohner von Gortyn beweisen die gro\u00dfen Platten, die in die W\u00e4nde des Odeion verbaut sind und auf denen die Gesetze der Stadt eingemeisselt sind. Es handelt sich um das &#8220; Gesetz von Gortyn &#8222;, auf dem noch viele Bestimmunen des moderne Strafgesetzes beruhen. Es ist in dorischer Sprache abgefasst und in &#8220; Boustrophedon &#8220; geschrieben.<\/p>\n<p>Verfasst wurde die Inschrift Ende des 6. oder Anfang des 5. Jahrhunderts vor Christus. Sie enth\u00e4lt Bestimmungen des b\u00fcrgerlichen Rechtes, Familien-, Erb- und Handelsrecht. Die Gesetzte von Gortyn sahen keine babarischen Strafen vor und kannten die Todesstrafe nicht, verlangten jedoch objektive Beweise der Schuld oder Unschuld des Angeklagten.<\/p>\n<p><a href=\"http:\/\/insel-kreta.net\/wordpress\/wp-content\/uploads\/2014\/08\/Gortis.jpg\"><img loading=\"lazy\" decoding=\"async\" class=\"alignnone size-full wp-image-80\" src=\"http:\/\/insel-kreta.net\/wordpress\/wp-content\/uploads\/2014\/08\/Gortis.jpg\" alt=\"Gortis\" width=\"297\" height=\"202\" \/><\/a> <a href=\"http:\/\/insel-kreta.net\/wordpress\/wp-content\/uploads\/2014\/08\/Gortis01.jpg\"><img loading=\"lazy\" decoding=\"async\" class=\"alignnone size-medium wp-image-81\" src=\"http:\/\/insel-kreta.net\/wordpress\/wp-content\/uploads\/2014\/08\/Gortis01.jpg\" alt=\"Gortis01\" width=\"300\" height=\"203\" \/><\/a><\/p>\n","protected":false},"excerpt":{"rendered":"<p>Die r\u00f6mische Stadt Gortyn Gortyn ist eine der \u00e4ltesten St\u00e4dte Kretas und herrschte in vorgeschichtlicher und geschichtlicher Zeit \u00fcber die Mesara-Ebene. Den Gerechtigkeitsinn der Einwohner von Gortyn beweisen die gro\u00dfen Platten, die in die W\u00e4nde des Odeion verbaut sind und auf denen die Gesetze der Stadt eingemeisselt sind. Es handelt sich um das &#8220; Gesetz [&hellip;]<\/p>\n","protected":false},"author":1,"featured_media":0,"parent":66,"menu_order":0,"comment_status":"open","ping_status":"open","template":"","meta":{"footnotes":""},"class_list":["post-79","page","type-page","status-publish","hentry"],"_links":{"self":[{"href":"http:\/\/insel-kreta.net\/wordpress\/wp-json\/wp\/v2\/pages\/79","targetHints":{"allow":["GET"]}}],"collection":[{"href":"http:\/\/insel-kreta.net\/wordpress\/wp-json\/wp\/v2\/pages"}],"about":[{"href":"http:\/\/insel-kreta.net\/wordpress\/wp-json\/wp\/v2\/types\/page"}],"author":[{"embeddable":true,"href":"http:\/\/insel-kreta.net\/wordpress\/wp-json\/wp\/v2\/users\/1"}],"replies":[{"embeddable":true,"href":"http:\/\/insel-kreta.net\/wordpress\/wp-json\/wp\/v2\/comments?post=79"}],"version-history":[{"count":1,"href":"http:\/\/insel-kreta.net\/wordpress\/wp-json\/wp\/v2\/pages\/79\/revisions"}],"predecessor-version":[{"id":82,"href":"http:\/\/insel-kreta.net\/wordpress\/wp-json\/wp\/v2\/pages\/79\/revisions\/82"}],"up":[{"embeddable":true,"href":"http:\/\/insel-kreta.net\/wordpress\/wp-json\/wp\/v2\/pages\/66"}],"wp:attachment":[{"href":"http:\/\/insel-kreta.net\/wordpress\/wp-json\/wp\/v2\/media?parent=79"}],"curies":[{"name":"wp","href":"https:\/\/api.w.org\/{rel}","templated":true}]}}